{"id":56,"date":"2017-10-16T20:15:24","date_gmt":"2017-10-16T20:15:24","guid":{"rendered":"http:\/\/www.rcyb.ch\/?page_id=56"},"modified":"2022-09-22T10:57:06","modified_gmt":"2022-09-22T08:57:06","slug":"inscription","status":"publish","type":"page","link":"https:\/\/www.rcyb.ch\/new\/inscription\/","title":{"rendered":"inscription"},"content":{"rendered":"<h3>Je souhaite devenir membre<\/h3>\n<p>Cotisation annuelle :<\/p>\n<ul style=\"list-style-type: disc;\">\n<li>Junior (jusqu&#8217;\u00e0 20 ans r\u00e9volus) &amp; conjoint(e) : CHF 50.00<\/li>\n<li>Adulte (d\u00e8s 20 ans r\u00e9volus) : CHF 100.00<\/li>\n<\/ul>\n<div class=\"forminator-ui forminator-custom-form forminator-custom-form-3873 forminator-design--default  forminator_ajax\" data-forminator-render=\"0\" data-form=\"forminator-module-3873\" data-uid=\"6a01f0a8d2a47\"><br\/><\/div><form\n\t\t\t\tid=\"forminator-module-3873\"\n\t\t\t\tclass=\"forminator-ui forminator-custom-form forminator-custom-form-3873 forminator-design--default  forminator_ajax\"\n\t\t\t\tmethod=\"post\"\n\t\t\t\tdata-forminator-render=\"0\"\n\t\t\t\tdata-form-id=\"3873\"\n\t\t\t\t data-color-option=\"default\" data-design=\"default\" data-grid=\"open\" style=\"display: none;\"\n\t\t\t\tdata-uid=\"6a01f0a8d2a47\"\n\t\t\t><div role=\"alert\" aria-live=\"polite\" class=\"forminator-response-message forminator-error\" aria-hidden=\"true\"><\/div><div class=\"forminator-row\"><div id=\"text-2\" class=\"forminator-field-text forminator-col forminator-col-6 \"><div class=\"forminator-field\"><label for=\"forminator-field-text-2_6a01f0a8d2a47\" id=\"forminator-field-text-2_6a01f0a8d2a47-label\" class=\"forminator-label\">Votre pr\u00e9nom (obligatoire) <span class=\"forminator-required\">*<\/span><\/label><input type=\"text\" name=\"text-2\" value=\"\" placeholder=\"Exemple: Jean\" id=\"forminator-field-text-2_6a01f0a8d2a47\" class=\"forminator-input forminator-name--field\" data-required=\"1\" \/><\/div><\/div><div id=\"text-1\" class=\"forminator-field-text forminator-col forminator-col-6 \"><div class=\"forminator-field\"><label for=\"forminator-field-text-1_6a01f0a8d2a47\" id=\"forminator-field-text-1_6a01f0a8d2a47-label\" class=\"forminator-label\">Votre nom (obligatoire) <span class=\"forminator-required\">*<\/span><\/label><input type=\"text\" name=\"text-1\" value=\"\" placeholder=\"Exemple: Martin\" id=\"forminator-field-text-1_6a01f0a8d2a47\" class=\"forminator-input forminator-name--field\" data-required=\"1\" \/><\/div><\/div><\/div><div class=\"forminator-row\"><div id=\"text-3\" class=\"forminator-field-text forminator-col forminator-col-12 \"><div class=\"forminator-field\"><label for=\"forminator-field-text-3_6a01f0a8d2a47\" id=\"forminator-field-text-3_6a01f0a8d2a47-label\" class=\"forminator-label\">Adresse (obligatoire) <span class=\"forminator-required\">*<\/span><\/label><input type=\"text\" name=\"text-3\" value=\"\" placeholder=\"Exemple: Grand-Rue 10\" id=\"forminator-field-text-3_6a01f0a8d2a47\" class=\"forminator-input forminator-name--field\" data-required=\"1\" \/><\/div><\/div><\/div><div class=\"forminator-row\"><div id=\"text-4\" class=\"forminator-field-text forminator-col forminator-col-6 \"><div class=\"forminator-field\"><label for=\"forminator-field-text-4_6a01f0a8d2a47\" id=\"forminator-field-text-4_6a01f0a8d2a47-label\" class=\"forminator-label\">NPA (obligatoire) <span class=\"forminator-required\">*<\/span><\/label><input type=\"text\" name=\"text-4\" value=\"\" placeholder=\"Exemple: 1400\" id=\"forminator-field-text-4_6a01f0a8d2a47\" class=\"forminator-input forminator-name--field\" data-required=\"1\" \/><\/div><\/div><div id=\"text-5\" class=\"forminator-field-text forminator-col forminator-col-6 \"><div class=\"forminator-field\"><label for=\"forminator-field-text-5_6a01f0a8d2a47\" id=\"forminator-field-text-5_6a01f0a8d2a47-label\" class=\"forminator-label\">Localit\u00e9 (obligatoire) <span class=\"forminator-required\">*<\/span><\/label><input type=\"text\" name=\"text-5\" value=\"\" placeholder=\"Exemple: Yverdon\" id=\"forminator-field-text-5_6a01f0a8d2a47\" class=\"forminator-input forminator-name--field\" data-required=\"1\" \/><\/div><\/div><\/div><div class=\"forminator-row\"><div id=\"date-1\" class=\"forminator-field-date forminator-col forminator-col-12 \"><div class=\"forminator-field\"><label for=\"forminator-field-date-1-picker_6a01f0a8d2a47\" id=\"forminator-field-date-1-picker_6a01f0a8d2a47-label\" class=\"forminator-label\">Date de naissance (obligatoire) <span class=\"forminator-required\">*<\/span><\/label><div class=\"forminator-input-with-icon\"><span class=\"forminator-icon-calendar\" aria-hidden=\"true\"><\/span><input autocomplete=\"off\" type=\"text\" size=\"1\" name=\"date-1\" value=\"\" placeholder=\"\" id=\"forminator-field-date-1-picker_6a01f0a8d2a47\" class=\"forminator-input forminator-datepicker\" data-required=\"1\" data-format=\"dd.mm.yy\" data-restrict-type=\"\" data-restrict=\"\" data-start-year=\"1950\" data-end-year=\"2100\" data-past-dates=\"enable\" data-start-of-week=\"1\" data-start-date=\"01\/01\/1950\" data-end-date=\"12\/31\/2100\" data-start-field=\"\" data-end-field=\"\" data-start-offset=\"\" data-end-offset=\"\" data-disable-date=\"\" data-disable-range=\"\" \/><\/div><\/div><\/div><\/div><div class=\"forminator-row\"><div id=\"email-1\" class=\"forminator-field-email forminator-col forminator-col-12 \"><div class=\"forminator-field\"><label for=\"forminator-field-email-1_6a01f0a8d2a47\" id=\"forminator-field-email-1_6a01f0a8d2a47-label\" class=\"forminator-label\">Votre E-Mail (obligatoire) <span class=\"forminator-required\">*<\/span><\/label><input type=\"email\" name=\"email-1\" value=\"\" placeholder=\"Exemple: jean.martin@domaine.com\" id=\"forminator-field-email-1_6a01f0a8d2a47\" class=\"forminator-input forminator-email--field\" data-required=\"1\" aria-required=\"true\" autocomplete=\"email\" \/><\/div><\/div><\/div><div class=\"forminator-row\"><div id=\"phone-1\" class=\"forminator-field-phone forminator-col forminator-col-6 \"><div class=\"forminator-field\"><label for=\"forminator-field-phone-1_6a01f0a8d2a47\" id=\"forminator-field-phone-1_6a01f0a8d2a47-label\" class=\"forminator-label\">T\u00e9l\u00e9phone fixe<\/label><input type=\"text\" name=\"phone-1\" value=\"\" placeholder=\"+41241234567\" id=\"forminator-field-phone-1_6a01f0a8d2a47\" class=\"forminator-input forminator-field--phone\" data-required=\"\" aria-required=\"false\" autocomplete=\"off\" \/><\/div><\/div><div id=\"phone-2\" class=\"forminator-field-phone forminator-col forminator-col-6 \"><div class=\"forminator-field\"><label for=\"forminator-field-phone-2_6a01f0a8d2a47\" id=\"forminator-field-phone-2_6a01f0a8d2a47-label\" class=\"forminator-label\">Mobile<\/label><input type=\"text\" name=\"phone-2\" value=\"\" placeholder=\"+41791234567\" id=\"forminator-field-phone-2_6a01f0a8d2a47\" class=\"forminator-input forminator-field--phone\" data-required=\"\" aria-required=\"false\" autocomplete=\"off\" \/><\/div><\/div><\/div><div class=\"forminator-row\"><div id=\"radio-1\" class=\"forminator-field-radio forminator-col forminator-col-12 \"><div role=\"radiogroup\" class=\"forminator-field\" aria-labelledby=\"forminator-radiogroup-radio-1-6a01f0a8d2a47-label\"><span id=\"forminator-radiogroup-radio-1-6a01f0a8d2a47-label\" class=\"forminator-label\">Je veux m&#039;abonner \u00e0 la revue Eisenbhan-Amateur (92.-\/ann\u00e9e, principalement en allemand) <span class=\"forminator-required\">*<\/span><\/span><label id=\"forminator-field-radio-1-label-1\" for=\"forminator-field-radio-1-1-6a01f0a8d2a47\" class=\"forminator-radio\" title=\"Oui\"><input type=\"radio\" name=\"radio-1\" value=\"Oui\" id=\"forminator-field-radio-1-1-6a01f0a8d2a47\" aria-labelledby=\"forminator-field-radio-1-label-1\" data-calculation=\"0\"  \/><span class=\"forminator-radio-bullet\" aria-hidden=\"true\"><\/span><span class=\"forminator-radio-label\">Oui<\/span><\/label><label id=\"forminator-field-radio-1-label-2\" for=\"forminator-field-radio-1-2-6a01f0a8d2a47\" class=\"forminator-radio\" title=\"Non\"><input type=\"radio\" name=\"radio-1\" value=\"Non\" id=\"forminator-field-radio-1-2-6a01f0a8d2a47\" aria-labelledby=\"forminator-field-radio-1-label-2\" data-calculation=\"0\"  \/><span class=\"forminator-radio-bullet\" aria-hidden=\"true\"><\/span><span class=\"forminator-radio-label\">Non<\/span><\/label><\/div><\/div><\/div><div class=\"forminator-row\"><div id=\"textarea-1\" class=\"forminator-field-textarea forminator-col forminator-col-12 \"><div class=\"forminator-field\"><label for=\"forminator-field-textarea-1_6a01f0a8d2a47\" id=\"forminator-field-textarea-1_6a01f0a8d2a47-label\" class=\"forminator-label\">Votre message<\/label><textarea name=\"textarea-1\" placeholder=\"\" id=\"forminator-field-textarea-1_6a01f0a8d2a47\" class=\"forminator-textarea\" rows=\"6\" style=\"--forminator-textarea-min-height:140px;\" ><\/textarea><\/div><\/div><\/div><div class=\"forminator-row\" style=\"margin: 0;\"><div id=\"captcha-1\" class=\"forminator-field-captcha  forminator-col-12 \"><div class=\"forminator-captcha-left forminator-g-recaptcha recaptcha-invisible\" data-theme=\"light\" data-badge=\"bottomright\" data-sitekey=\"6LdvToAUAAAAAGzLLE7jTsKFNL4F87c10dcsuBDp\" data-size=\"invisible\"><\/div> <\/div><\/div><input type=\"hidden\" name=\"referer_url\" value=\"\" \/><div class=\"forminator-row forminator-row-last\"><div class=\"forminator-col\"><div class=\"forminator-field\"><button class=\"forminator-button forminator-button-submit\">Je m&#039;inscris<\/button><\/div><\/div><\/div><input type=\"hidden\" id=\"forminator_nonce\" name=\"forminator_nonce\" value=\"42cbafe1df\" \/><input type=\"hidden\" name=\"_wp_http_referer\" value=\"\/new\/wp-json\/wp\/v2\/pages\/56\" \/><input type=\"hidden\" name=\"form_id\" value=\"3873\"><input type=\"hidden\" name=\"page_id\" value=\"56\"><input type=\"hidden\" name=\"form_type\" value=\"default\"><input type=\"hidden\" name=\"current_url\" value=\"https:\/\/www.rcyb.ch\/new\/inscription\/\"><input type=\"hidden\" name=\"render_id\" value=\"0\"><input type=\"hidden\" name=\"action\" value=\"forminator_submit_form_custom-forms\"><label for=\"input_12\" class=\"forminator-hidden\" aria-hidden=\"true\">Veuillez ne pas remplir ce champ. <input id=\"input_12\" type=\"text\" name=\"input_12\" value=\"\" autocomplete=\"off\"><\/label><\/form>\n","protected":false},"excerpt":{"rendered":"<p>Je souhaite devenir membre Cotisation annuelle : Junior (jusqu&#8217;\u00e0 20 ans r\u00e9volus) &amp; conjoint(e) : CHF 50.00 Adulte (d\u00e8s 20 ans r\u00e9volus) : CHF 100.00<\/p>\n","protected":false},"author":1,"featured_media":0,"parent":0,"menu_order":0,"comment_status":"closed","ping_status":"closed","template":"","meta":{"ngg_post_thumbnail":0,"footnotes":""},"class_list":["post-56","page","type-page","status-publish","hentry"],"_links":{"self":[{"href":"https:\/\/www.rcyb.ch\/new\/wp-json\/wp\/v2\/pages\/56","targetHints":{"allow":["GET"]}}],"collection":[{"href":"https:\/\/www.rcyb.ch\/new\/wp-json\/wp\/v2\/pages"}],"about":[{"href":"https:\/\/www.rcyb.ch\/new\/wp-json\/wp\/v2\/types\/page"}],"author":[{"embeddable":true,"href":"https:\/\/www.rcyb.ch\/new\/wp-json\/wp\/v2\/users\/1"}],"replies":[{"embeddable":true,"href":"https:\/\/www.rcyb.ch\/new\/wp-json\/wp\/v2\/comments?post=56"}],"version-history":[{"count":7,"href":"https:\/\/www.rcyb.ch\/new\/wp-json\/wp\/v2\/pages\/56\/revisions"}],"predecessor-version":[{"id":4717,"href":"https:\/\/www.rcyb.ch\/new\/wp-json\/wp\/v2\/pages\/56\/revisions\/4717"}],"wp:attachment":[{"href":"https:\/\/www.rcyb.ch\/new\/wp-json\/wp\/v2\/media?parent=56"}],"curies":[{"name":"wp","href":"https:\/\/api.w.org\/{rel}","templated":true}]}}