{"id":4472,"date":"2024-02-04T12:53:56","date_gmt":"2024-02-04T11:53:56","guid":{"rendered":"https:\/\/www.rcyb.ch\/new\/?page_id=4472"},"modified":"2026-01-10T13:26:54","modified_gmt":"2026-01-10T12:26:54","slug":"boutique","status":"publish","type":"page","link":"https:\/\/www.rcyb.ch\/new\/boutique\/","title":{"rendered":"Occasions"},"content":{"rendered":"\n<h2>La page des occasions<\/h2>\n<p style=\"text-align: justify;\">Vous recherchez un mod\u00e8le pour votre collection ? N&#8217;allez pas plus loin. Votre bonheur se trouve peut-\u00eatre ici. Ne tardez pas \u00e0 consulter les listes ci-dessous. Pour obtenir un renseignement, ou des photos, utilisez le lien situ\u00e9 plus bas. Pour toute commande, un formulaire se trouve \u00e9galement \u00e0 la suite de cette page.<\/p>\n\r\n\t\r\n<div class=\"container-fluid wpdoc_container\" \r\n     data-dir_restrictions=\"\" \r\n     data-del_from_front=\"\" \r\n     data-dir=\"4516\" \r\n     data-home=\"4516\">\r\n     \r\n    <input type=\"hidden\" id=\"wpdocs_front_list_nonce_field\" name=\"wpdocs_front_list_nonce_field\" value=\"c0c8c08490\" \/><input type=\"hidden\" name=\"_wp_http_referer\" value=\"\/new\/wp-json\/wp\/v2\/pages\/4472\" \/>    \r\n    <input type=\"hidden\" class=\"wpd_home_id\" value=\"4516\" \/>\r\n    <input type=\"hidden\" class=\"wpd_del_file_id\" value=\"\" \/>\r\n\r\n\t\r\n\t\t\t\t<div class=\"card mt-3\">\r\n\t\t\t\t\t<!-- breadcrumb Area -->\r\n\t\t\t\t\t<nav aria-label=\"breadcrumb\" class=\"wpdocs-nav position-relative\">\r\n\t\t\t\t\t\t<ol class=\"breadcrumb bg-light\" style=\"border-bottom:1px solid #dee2e6;border-radius: 0; min-height: 40px;\">\r\n\r\n                            \t\r\n\t\t\t\t\t\t<\/ol>\r\n\r\n                        \r\n\t\t\t\t\t\t\t\t\t\t\t<\/nav>\r\n\t\t\t\r\n\t\t\t\t\t\r\n\t\t\t     \r\n                    \t\r\n\t\t\t\t\t<div class=\"card-body \">\r\n\t\r\n\t\t\t\t\t\t<!-- Large Icon View Area -->\r\n\t\t\t\t\t\t<div class=\"row folder_view large_icon_view \">\r\n\t\t\t\t\t\t\t\r\n\r\n<div title=\"Liste-H0-alternatif.pdf\" class=\"col-4 col-md-3 is_file text-center is_shallow\" style=\"cursor: pointer;\" data-id=\"4740\">\r\n    <figure class=\"figure file_view p-1\">\r\n        <a href=\"https:\/\/www.rcyb.ch\/new\/wp-content\/uploads\/2026\/01\/Liste-H0-alternatif.pdf\" target=\"_blank\" class=\"file\">\r\n            <img decoding=\"async\" class=\"my-3\" src=\"https:\/\/www.rcyb.ch\/new\/wp-content\/plugins\/wp-docs\/img\/filetype-icons\/pdf.png\" \/>\r\n        <\/a>\r\n        <figcaption class=\"figure-caption text-center\">Liste-H0-alternatif.pdf<\/figcaption>\r\n    <\/figure>\r\n<\/div>\r\n\r\n\r\n\r\n<div title=\"Liste-H0-continu.pdf\" class=\"col-4 col-md-3 is_file text-center is_shallow\" style=\"cursor: pointer;\" data-id=\"4741\">\r\n    <figure class=\"figure file_view p-1\">\r\n        <a href=\"https:\/\/www.rcyb.ch\/new\/wp-content\/uploads\/2026\/01\/Liste-H0-continu.pdf\" target=\"_blank\" class=\"file\">\r\n            <img decoding=\"async\" class=\"my-3\" src=\"https:\/\/www.rcyb.ch\/new\/wp-content\/plugins\/wp-docs\/img\/filetype-icons\/pdf.png\" \/>\r\n        <\/a>\r\n        <figcaption class=\"figure-caption text-center\">Liste-H0-continu.pdf<\/figcaption>\r\n    <\/figure>\r\n<\/div>\r\n\r\n\r\n\r\n<div title=\"Liste-H0_AC-DC.pdf\" class=\"col-4 col-md-3 is_file text-center is_shallow\" style=\"cursor: pointer;\" data-id=\"4742\">\r\n    <figure class=\"figure file_view p-1\">\r\n        <a href=\"https:\/\/www.rcyb.ch\/new\/wp-content\/uploads\/2026\/01\/Liste-H0_AC-DC.pdf\" target=\"_blank\" class=\"file\">\r\n            <img decoding=\"async\" class=\"my-3\" src=\"https:\/\/www.rcyb.ch\/new\/wp-content\/plugins\/wp-docs\/img\/filetype-icons\/pdf.png\" \/>\r\n        <\/a>\r\n        <figcaption class=\"figure-caption text-center\">Liste-H0_AC-DC.pdf<\/figcaption>\r\n    <\/figure>\r\n<\/div>\r\n\r\n\r\n\r\n<div title=\"Liste-H0m.pdf\" class=\"col-4 col-md-3 is_file text-center is_shallow\" style=\"cursor: pointer;\" data-id=\"4743\">\r\n    <figure class=\"figure file_view p-1\">\r\n        <a href=\"https:\/\/www.rcyb.ch\/new\/wp-content\/uploads\/2026\/01\/Liste-H0m.pdf\" target=\"_blank\" class=\"file\">\r\n            <img decoding=\"async\" class=\"my-3\" src=\"https:\/\/www.rcyb.ch\/new\/wp-content\/plugins\/wp-docs\/img\/filetype-icons\/pdf.png\" \/>\r\n        <\/a>\r\n        <figcaption class=\"figure-caption text-center\">Liste-H0m.pdf<\/figcaption>\r\n    <\/figure>\r\n<\/div>\r\n\r\n\t\r\n\t\r\n\t\t\t\t\t\t<\/div>\r\n\t\r\n\t\t\t\t\t\t<!-- List View Area -->\r\n\t\t\t\t\t\t<div class=\"row folder_view list_view d-none\">\r\n\t\t\t\t\t\t\t\r\n\t\t\t\t\t\t\t\t\t\t\t\t\t\t\t\t<div title=\"Liste-H0-alternatif.pdf\" class=\"col-12 file_wrapper is_file\" style=\"cursor: pointer;\" data-id=\"4740\">\r\n\t\t\t\t\t\t\t\t\t\t\t\t\t\t\t\t\t<figure class=\"figure file_view p-3\">\r\n\t\t\t\t\t\t\t\t\t\t\t\t\t\t\t\t\t\t<a href=\"https:\/\/www.rcyb.ch\/new\/wp-content\/uploads\/2026\/01\/Liste-H0-alternatif.pdf\" target=\"_blank\" class=\"file\" ><img decoding=\"async\" class=\"mb-2\" src=\"https:\/\/www.rcyb.ch\/new\/wp-content\/plugins\/wp-docs\/img\/filetype-icons\/pdf.png\" style=\"width: 25px; height: 25px\"><\/a>\r\n\t\t\t\t\t\t\t\t\t\t\t\t\t\t\t\t\t\t<small class=\"text-center\">Liste-H0-alternatif.pdf<\/small>\r\n\t\t\t\t\t\t\t\t\t\t\t\t\t\t\t\t\t<\/figure>\r\n\t\t\t\t\t\t\t\t\t\t\t\t\t\t\t\t<\/div>\r\n\t\t\t\t\t\t\t\t\t\t\t\t\t\t\t\t<div title=\"Liste-H0-continu.pdf\" class=\"col-12 file_wrapper is_file\" style=\"cursor: pointer;\" data-id=\"4741\">\r\n\t\t\t\t\t\t\t\t\t\t\t\t\t\t\t\t\t<figure class=\"figure file_view p-3\">\r\n\t\t\t\t\t\t\t\t\t\t\t\t\t\t\t\t\t\t<a href=\"https:\/\/www.rcyb.ch\/new\/wp-content\/uploads\/2026\/01\/Liste-H0-continu.pdf\" target=\"_blank\" class=\"file\" ><img decoding=\"async\" class=\"mb-2\" src=\"https:\/\/www.rcyb.ch\/new\/wp-content\/plugins\/wp-docs\/img\/filetype-icons\/pdf.png\" style=\"width: 25px; height: 25px\"><\/a>\r\n\t\t\t\t\t\t\t\t\t\t\t\t\t\t\t\t\t\t<small class=\"text-center\">Liste-H0-continu.pdf<\/small>\r\n\t\t\t\t\t\t\t\t\t\t\t\t\t\t\t\t\t<\/figure>\r\n\t\t\t\t\t\t\t\t\t\t\t\t\t\t\t\t<\/div>\r\n\t\t\t\t\t\t\t\t\t\t\t\t\t\t\t\t<div title=\"Liste-H0_AC-DC.pdf\" class=\"col-12 file_wrapper is_file\" style=\"cursor: pointer;\" data-id=\"4742\">\r\n\t\t\t\t\t\t\t\t\t\t\t\t\t\t\t\t\t<figure class=\"figure file_view p-3\">\r\n\t\t\t\t\t\t\t\t\t\t\t\t\t\t\t\t\t\t<a href=\"https:\/\/www.rcyb.ch\/new\/wp-content\/uploads\/2026\/01\/Liste-H0_AC-DC.pdf\" target=\"_blank\" class=\"file\" ><img decoding=\"async\" class=\"mb-2\" src=\"https:\/\/www.rcyb.ch\/new\/wp-content\/plugins\/wp-docs\/img\/filetype-icons\/pdf.png\" style=\"width: 25px; height: 25px\"><\/a>\r\n\t\t\t\t\t\t\t\t\t\t\t\t\t\t\t\t\t\t<small class=\"text-center\">Liste-H0_AC-DC.pdf<\/small>\r\n\t\t\t\t\t\t\t\t\t\t\t\t\t\t\t\t\t<\/figure>\r\n\t\t\t\t\t\t\t\t\t\t\t\t\t\t\t\t<\/div>\r\n\t\t\t\t\t\t\t\t\t\t\t\t\t\t\t\t<div title=\"Liste-H0m.pdf\" class=\"col-12 file_wrapper is_file\" style=\"cursor: pointer;\" data-id=\"4743\">\r\n\t\t\t\t\t\t\t\t\t\t\t\t\t\t\t\t\t<figure class=\"figure file_view p-3\">\r\n\t\t\t\t\t\t\t\t\t\t\t\t\t\t\t\t\t\t<a href=\"https:\/\/www.rcyb.ch\/new\/wp-content\/uploads\/2026\/01\/Liste-H0m.pdf\" target=\"_blank\" class=\"file\" ><img decoding=\"async\" class=\"mb-2\" src=\"https:\/\/www.rcyb.ch\/new\/wp-content\/plugins\/wp-docs\/img\/filetype-icons\/pdf.png\" style=\"width: 25px; height: 25px\"><\/a>\r\n\t\t\t\t\t\t\t\t\t\t\t\t\t\t\t\t\t\t<small class=\"text-center\">Liste-H0m.pdf<\/small>\r\n\t\t\t\t\t\t\t\t\t\t\t\t\t\t\t\t\t<\/figure>\r\n\t\t\t\t\t\t\t\t\t\t\t\t\t\t\t\t<\/div>\t\r\n\t\r\n\t\t\t\t\t\t<\/div>\r\n\t                            \r\n\t\t\t\t\t\t<!-- Detail View Area -->\r\n\t\t\t\t\t\t<div class=\"row folder_view detail_view mt-0 d-none\">\r\n\t\t\t\t\t\t\t<div class=\"table-responsive\" style=\"zoom:70%\">\r\n\t\t\t\t\t\t\t\t<table class=\"table\">\r\n\t\t\t\t\t\t\t\t\t<thead class=\"thead\">\r\n\t\t\t\t\t\t\t\t\t\t<tr>\r\n    <th>Nom <\/th>\r\n\r\n\r\n    <th>Date modifi\u00e9e <\/th>\r\n\r\n\r\n\r\n<\/tr>\r\n\t\t\t\t\t\t\t\t\t<\/thead>\r\n\t\t\t\t\t\t\t\t\t\r\n\t\t\t\t\t\t\t\t\t\t\t\t\t<tr title=\"Liste-H0-alternatif.pdf\" data-url=\"https:\/\/www.rcyb.ch\/new\/wp-content\/uploads\/2026\/01\/Liste-H0-alternatif.pdf\" class=\"file_view file_link is_file\" style=\"cursor: pointer;\" data-id=\"4740\">\r\n\r\n\t\t\t\t\t\t\t\t\t\t\t\t\t\t<td>\r\n\r\n\t\t\t\t\t\t\t\t\t\t\t\t\t\t\t<figure class=\"figure file_view\">\r\n\t\t\t\t\t\t\t\t\t\t\t\t\t\t\t\t<span class=\"file\"><img decoding=\"async\" class=\"mb-2\" src=\"https:\/\/www.rcyb.ch\/new\/wp-content\/plugins\/wp-docs\/img\/filetype-icons\/pdf.png\" style=\"width: 25px; height: 25px\"><\/span>\r\n\t\t\t\t\t\t\t\t\t\t\t\t\t\t\t\t<small class=\"text-center\">Liste-H0-alternatif.pdf<\/small>\r\n\t\t\t\t\t\t\t\t\t\t\t\t\t\t\t<\/figure>\r\n\t\t\t\t\t\t\t\t\t\t\t\t\t\t<\/td>\r\n\t\t\t\t\t\t\t\t\t\t\t\t\t<td data-time=\"1768053492\"><small>10 janvier 2026 13:58<\/small><\/td><\/tr>\r\n\t\t\t\t\t\t\t\t\t\t\t\t\t<tr title=\"Liste-H0-continu.pdf\" data-url=\"https:\/\/www.rcyb.ch\/new\/wp-content\/uploads\/2026\/01\/Liste-H0-continu.pdf\" class=\"file_view file_link is_file\" style=\"cursor: pointer;\" data-id=\"4741\">\r\n\r\n\t\t\t\t\t\t\t\t\t\t\t\t\t\t<td>\r\n\r\n\t\t\t\t\t\t\t\t\t\t\t\t\t\t\t<figure class=\"figure file_view\">\r\n\t\t\t\t\t\t\t\t\t\t\t\t\t\t\t\t<span class=\"file\"><img decoding=\"async\" class=\"mb-2\" src=\"https:\/\/www.rcyb.ch\/new\/wp-content\/plugins\/wp-docs\/img\/filetype-icons\/pdf.png\" style=\"width: 25px; height: 25px\"><\/span>\r\n\t\t\t\t\t\t\t\t\t\t\t\t\t\t\t\t<small class=\"text-center\">Liste-H0-continu.pdf<\/small>\r\n\t\t\t\t\t\t\t\t\t\t\t\t\t\t\t<\/figure>\r\n\t\t\t\t\t\t\t\t\t\t\t\t\t\t<\/td>\r\n\t\t\t\t\t\t\t\t\t\t\t\t\t<td data-time=\"1768053494\"><small>10 janvier 2026 13:58<\/small><\/td><\/tr>\r\n\t\t\t\t\t\t\t\t\t\t\t\t\t<tr title=\"Liste-H0_AC-DC.pdf\" data-url=\"https:\/\/www.rcyb.ch\/new\/wp-content\/uploads\/2026\/01\/Liste-H0_AC-DC.pdf\" class=\"file_view file_link is_file\" style=\"cursor: pointer;\" data-id=\"4742\">\r\n\r\n\t\t\t\t\t\t\t\t\t\t\t\t\t\t<td>\r\n\r\n\t\t\t\t\t\t\t\t\t\t\t\t\t\t\t<figure class=\"figure file_view\">\r\n\t\t\t\t\t\t\t\t\t\t\t\t\t\t\t\t<span class=\"file\"><img decoding=\"async\" class=\"mb-2\" src=\"https:\/\/www.rcyb.ch\/new\/wp-content\/plugins\/wp-docs\/img\/filetype-icons\/pdf.png\" style=\"width: 25px; height: 25px\"><\/span>\r\n\t\t\t\t\t\t\t\t\t\t\t\t\t\t\t\t<small class=\"text-center\">Liste-H0_AC-DC.pdf<\/small>\r\n\t\t\t\t\t\t\t\t\t\t\t\t\t\t\t<\/figure>\r\n\t\t\t\t\t\t\t\t\t\t\t\t\t\t<\/td>\r\n\t\t\t\t\t\t\t\t\t\t\t\t\t<td data-time=\"1768053497\"><small>10 janvier 2026 13:58<\/small><\/td><\/tr>\r\n\t\t\t\t\t\t\t\t\t\t\t\t\t<tr title=\"Liste-H0m.pdf\" data-url=\"https:\/\/www.rcyb.ch\/new\/wp-content\/uploads\/2026\/01\/Liste-H0m.pdf\" class=\"file_view file_link is_file\" style=\"cursor: pointer;\" data-id=\"4743\">\r\n\r\n\t\t\t\t\t\t\t\t\t\t\t\t\t\t<td>\r\n\r\n\t\t\t\t\t\t\t\t\t\t\t\t\t\t\t<figure class=\"figure file_view\">\r\n\t\t\t\t\t\t\t\t\t\t\t\t\t\t\t\t<span class=\"file\"><img decoding=\"async\" class=\"mb-2\" src=\"https:\/\/www.rcyb.ch\/new\/wp-content\/plugins\/wp-docs\/img\/filetype-icons\/pdf.png\" style=\"width: 25px; height: 25px\"><\/span>\r\n\t\t\t\t\t\t\t\t\t\t\t\t\t\t\t\t<small class=\"text-center\">Liste-H0m.pdf<\/small>\r\n\t\t\t\t\t\t\t\t\t\t\t\t\t\t\t<\/figure>\r\n\t\t\t\t\t\t\t\t\t\t\t\t\t\t<\/td>\r\n\t\t\t\t\t\t\t\t\t\t\t\t\t<td data-time=\"1768053500\"><small>10 janvier 2026 13:58<\/small><\/td><\/tr>\t\t\t\t\t\t\t\t<\/table>\r\n\t\t\t\t\t\t\t<\/div>\r\n\t\t\t\t\t\t<\/div>\r\n\t\r\n\t\t\t\t\t<\/div>\r\n\t\t\t\t\t<div class=\"card-footer text-right wpdocs-views position-relative\">\r\n\t\r\n\t\r\n\t\r\n\t\t\t\t\t\t<a data-source=\"large_icon_view\" data-toggle=\"tooltip\" data-placement=\"bottom\" title=\"Affichage des miniatures\" class=\"folder_view_btn fa fa-image fa-lg text-danger mr-2\"><\/a>\r\n\t\t\t\t\t\t<a data-source=\"list_view\" data-toggle=\"tooltip\" data-placement=\"bottom\" title=\"Vue en liste\" class=\"folder_view_btn fa fa-bars fa-lg text-danger mr-2\"><\/a>\r\n\t\t\t\t\t\t<a data-source=\"detail_view\" data-toggle=\"tooltip\" data-placement=\"bottom\" title=\"Vues d\u00e9taill\u00e9es\" class=\"folder_view_btn fa fa-list fa-lg text-danger mr-2\"><\/a>\r\n\t\t\t\t\t<\/div>\r\n\t\t\t\t<\/div>\r\n\t\t\t\t\t<div class=\"wpdocs_loader wpd_modal d-none\">\r\n\t\t\t\t\t<div class=\"modal_content\">\r\n\t\t\t\t\t\t<img decoding=\"async\" src=\"https:\/\/www.rcyb.ch\/new\/wp-content\/plugins\/wp-docs\/img\/loader.gif\" width=\"50px\" height=\"50px\">\r\n\t\t\t\t\t<\/div>\r\n\t\t\t\t<\/div>\r\n\t            \r\n\t\r\n\t\t\t<\/div>\r\n\t\r\n\t\r\n\t\r\n\t\t\n<p><span style=\"color: #0000ff;\"><br><a style=\"color: #0000ff;\" href=\"https:\/\/www.rcyb.ch\/new\/formulaire-boutique-en-ligne-renseignements\/\" target=\"_blank\" rel=\"noopener\">Demandes &#8211; renseignements<\/a><\/span><\/p>\n<p><span style=\"color: #0000ff;\"><a style=\"color: #0000ff;\" href=\"https:\/\/www.rcyb.ch\/new\/boutique-en-ligne\/\" target=\"_blank\" rel=\"noopener\">Formulaire de commande<\/a><\/span><\/p>\n<p style=\"text-align: center;\"><span style=\"color: #ff0000;\"><strong>!!! Vente en Suisse uniquement !!!<\/strong><\/span> &nbsp; &nbsp;D&#8217;avance merci pour votre achat.&nbsp;<\/p>\n<p>&nbsp;<\/p>\n<p>&nbsp;<\/p>\n<p>&nbsp;<\/p>\n","protected":false},"excerpt":{"rendered":"<p>La page des occasions Vous recherchez un mod\u00e8le pour votre collection ? N&#8217;allez pas plus loin. Votre bonheur se trouve peut-\u00eatre ici. Ne tardez pas \u00e0 consulter les listes ci-dessous. Pour obtenir un renseignement, ou des photos, utilisez le lien situ\u00e9 plus bas. Pour toute commande, un formulaire se trouve [&hellip;]<\/p>\n","protected":false},"author":2,"featured_media":0,"parent":0,"menu_order":0,"comment_status":"closed","ping_status":"closed","template":"","meta":{"ngg_post_thumbnail":0,"footnotes":""},"class_list":["post-4472","page","type-page","status-publish","hentry"],"_links":{"self":[{"href":"https:\/\/www.rcyb.ch\/new\/wp-json\/wp\/v2\/pages\/4472","targetHints":{"allow":["GET"]}}],"collection":[{"href":"https:\/\/www.rcyb.ch\/new\/wp-json\/wp\/v2\/pages"}],"about":[{"href":"https:\/\/www.rcyb.ch\/new\/wp-json\/wp\/v2\/types\/page"}],"author":[{"embeddable":true,"href":"https:\/\/www.rcyb.ch\/new\/wp-json\/wp\/v2\/users\/2"}],"replies":[{"embeddable":true,"href":"https:\/\/www.rcyb.ch\/new\/wp-json\/wp\/v2\/comments?post=4472"}],"version-history":[{"count":15,"href":"https:\/\/www.rcyb.ch\/new\/wp-json\/wp\/v2\/pages\/4472\/revisions"}],"predecessor-version":[{"id":4772,"href":"https:\/\/www.rcyb.ch\/new\/wp-json\/wp\/v2\/pages\/4472\/revisions\/4772"}],"wp:attachment":[{"href":"https:\/\/www.rcyb.ch\/new\/wp-json\/wp\/v2\/media?parent=4472"}],"curies":[{"name":"wp","href":"https:\/\/api.w.org\/{rel}","templated":true}]}}