{"id":33,"date":"2017-10-16T19:27:26","date_gmt":"2017-10-16T19:27:26","guid":{"rendered":"http:\/\/www.rcyb.ch\/?page_id=33"},"modified":"2026-03-16T15:25:21","modified_gmt":"2026-03-16T14:25:21","slug":"un-peu-sur-nous","status":"publish","type":"page","link":"https:\/\/www.rcyb.ch\/new\/un-peu-sur-nous\/","title":{"rendered":"Un peu sur nous"},"content":{"rendered":"<p style=\"text-align: justify;\"><span style=\"font-family: arial,helvetica,sans-serif;\"><strong><span style=\"font-size: 18pt;\">Fondation<\/span><br \/>\n<\/strong><\/span><br \/>\n<span style=\"font-family: arial,helvetica,sans-serif; font-size: 12pt;\">Le 11 avril 1962, 12 \u00abmordus\u00bb du rail se sont rencontr\u00e9s en assembl\u00e9e constitutive au Caf\u00e9 d\u2019Orbe \u00e0 Yverdon, dans le but de cr\u00e9er le \u00abMini-Rail Yverdon\u00bb. L\u2019effectif des membres devait rapidement augmenter puisque, une ann\u00e9e plus tard, leur nombre se montait \u00e0 32. Le principal souci \u00e9tait \u00e0 ce moment-l\u00e0 de trouver d\u2019abord un local pour permettre de r\u00e9aliser les buts d\u00e9finis du club, soit se retrouver, et travailler \u00e0 la construction de mod\u00e8les et d\u2019une maquette.&nbsp;Le local a \u00e9t\u00e9 bient\u00f4t trouv\u00e9 gr\u00e2ce \u00e0 la collaboration active et bienveillante des autorit\u00e9s communales, qui ont mis \u00e0 disposition du jeune club un local de 63 m2 situ\u00e9 au sous-sol de l\u2019\u00e9cole des 4 Marronniers.<br \/>\n<\/span><\/p>\n<p style=\"text-align: justify;\">&nbsp;<\/p>\n<p style=\"text-align: justify;\"><span style=\"font-family: arial,helvetica,sans-serif; font-size: 18pt;\"><strong>Activit\u00e9s<\/strong><\/span><\/p>\n<p style=\"text-align: justify;\"><span style=\"font-family: arial,helvetica,sans-serif; font-size: 12pt;\">Les activit\u00e9s du club comprennent, outre les journ\u00e9es de travail, des excursions de un ou plusieurs jours en Suisse et \u00e0 l&#8217;\u00e9tranger avec, comme objectif, un th\u00e8me ferroviaire. De plus, nous accueillons annuellement des Passeport Vacances de la r\u00e9gion et organisons \u00e9galement des Portes Ouvertes. A l&#8217;occasion, le Rail Club est \u00e9galement pr\u00e9sent \u00e0 des bourses aux vieux jouets, avec son stand.<\/span><\/p>\n<div style=\"text-align: justify;\">\n<p style=\"text-align: justify;\">&nbsp;<\/p>\n<\/div>\n<div style=\"text-align: justify;\"><strong>&nbsp;<\/strong><\/div>\n","protected":false},"excerpt":{"rendered":"<p>Fondation Le 11 avril 1962, 12 \u00abmordus\u00bb du rail se sont rencontr\u00e9s en assembl\u00e9e constitutive au Caf\u00e9 d\u2019Orbe \u00e0 Yverdon, dans le but de cr\u00e9er le \u00abMini-Rail Yverdon\u00bb. L\u2019effectif des membres devait rapidement augmenter puisque, une ann\u00e9e plus tard, leur nombre se montait \u00e0 32. Le principal souci \u00e9tait \u00e0 [&hellip;]<\/p>\n","protected":false},"author":1,"featured_media":0,"parent":0,"menu_order":0,"comment_status":"closed","ping_status":"closed","template":"","meta":{"ngg_post_thumbnail":0,"footnotes":""},"class_list":["post-33","page","type-page","status-publish","hentry"],"_links":{"self":[{"href":"https:\/\/www.rcyb.ch\/new\/wp-json\/wp\/v2\/pages\/33","targetHints":{"allow":["GET"]}}],"collection":[{"href":"https:\/\/www.rcyb.ch\/new\/wp-json\/wp\/v2\/pages"}],"about":[{"href":"https:\/\/www.rcyb.ch\/new\/wp-json\/wp\/v2\/types\/page"}],"author":[{"embeddable":true,"href":"https:\/\/www.rcyb.ch\/new\/wp-json\/wp\/v2\/users\/1"}],"replies":[{"embeddable":true,"href":"https:\/\/www.rcyb.ch\/new\/wp-json\/wp\/v2\/comments?post=33"}],"version-history":[{"count":7,"href":"https:\/\/www.rcyb.ch\/new\/wp-json\/wp\/v2\/pages\/33\/revisions"}],"predecessor-version":[{"id":4768,"href":"https:\/\/www.rcyb.ch\/new\/wp-json\/wp\/v2\/pages\/33\/revisions\/4768"}],"wp:attachment":[{"href":"https:\/\/www.rcyb.ch\/new\/wp-json\/wp\/v2\/media?parent=33"}],"curies":[{"name":"wp","href":"https:\/\/api.w.org\/{rel}","templated":true}]}}