{"id":3102,"date":"2020-06-09T15:38:35","date_gmt":"2020-06-09T13:38:35","guid":{"rendered":"https:\/\/www.rcyb.ch\/new\/espace-musee\/"},"modified":"2020-06-10T16:22:31","modified_gmt":"2020-06-10T14:22:31","slug":"espace-musee","status":"publish","type":"page","link":"https:\/\/www.rcyb.ch\/new\/espace-musee\/","title":{"rendered":"Espace mus\u00e9e"},"content":{"rendered":"\n<h2 class=\"wp-block-heading\">Espace mus\u00e9e <\/h2>\n\n\n\n<p style=\"text-align: justify;\">Depuis plusieurs ann\u00e9es, en plus de notre int\u00e9r\u00eat pour le mod\u00e9lisme et de construire nos r\u00e9seaux et\/ou participer \u00e0 diff\u00e9rentes journ\u00e9es de bourse, nous avons choisi de constituer un espace mus\u00e9e. Pour ce faire, nous avons commenc\u00e9s \u00e0 rassembler des pi\u00e8ces provenant du chemin de fer r\u00e9el afin de pouvoir les exposer, non seulement pour nos membres mais \u00e9galement pour nos visiteurs. Cela permet \u00e0 tous, une approche plus compl\u00e8te du monde ferroviaire.\u00a0<\/p>\n<p style=\"text-align: justify;\">Les pi\u00e8ces collectionn\u00e9es vont des signaux \u00e0 des \u00e9l\u00e9ments de locomotives en passant par des appareils d&#8217;enclenchements pour la circulation des trains. Celles-ci ont sont principalement r\u00e9cup\u00e9r\u00e9es aupr\u00e8s des CFF, de la compagnie locale Travys ou nous sont offertes par d&#8217;autres passionn\u00e9s. Toute pi\u00e8ce peut se r\u00e9v\u00e9ler int\u00e9ressante pour nous, peu importe sa provenance. Si vous en avez et que vous souhaitez les d\u00e9barrasser, ne les jetez pas ! Nous pouvons les r\u00e9cup\u00e9rer&#8230;\u00a0<\/p>\n<p style=\"text-align: justify;\"><span style=\"font-size: inherit;\">Ci-dessous, quelques photos de l&#8217;espace mus\u00e9e et de pi\u00e8ces sauvegard\u00e9es.<\/span><\/p>\n\n\n\n<hr class=\"wp-block-separator\"\/>\n\n\n\nngg_shortcode_0_placeholder\n","protected":false},"excerpt":{"rendered":"<p>Espace mus\u00e9e Depuis plusieurs ann\u00e9es, en plus de notre int\u00e9r\u00eat pour le mod\u00e9lisme et de construire nos r\u00e9seaux et\/ou participer \u00e0 diff\u00e9rentes journ\u00e9es de bourse, nous avons choisi de constituer un espace mus\u00e9e. Pour ce faire, nous avons commenc\u00e9s \u00e0 rassembler des pi\u00e8ces provenant du chemin de fer r\u00e9el afin [&hellip;]<\/p>\n","protected":false},"author":2,"featured_media":0,"parent":0,"menu_order":0,"comment_status":"closed","ping_status":"closed","template":"","meta":{"ngg_post_thumbnail":0,"footnotes":""},"class_list":["post-3102","page","type-page","status-publish","hentry"],"_links":{"self":[{"href":"https:\/\/www.rcyb.ch\/new\/wp-json\/wp\/v2\/pages\/3102","targetHints":{"allow":["GET"]}}],"collection":[{"href":"https:\/\/www.rcyb.ch\/new\/wp-json\/wp\/v2\/pages"}],"about":[{"href":"https:\/\/www.rcyb.ch\/new\/wp-json\/wp\/v2\/types\/page"}],"author":[{"embeddable":true,"href":"https:\/\/www.rcyb.ch\/new\/wp-json\/wp\/v2\/users\/2"}],"replies":[{"embeddable":true,"href":"https:\/\/www.rcyb.ch\/new\/wp-json\/wp\/v2\/comments?post=3102"}],"version-history":[{"count":11,"href":"https:\/\/www.rcyb.ch\/new\/wp-json\/wp\/v2\/pages\/3102\/revisions"}],"predecessor-version":[{"id":3198,"href":"https:\/\/www.rcyb.ch\/new\/wp-json\/wp\/v2\/pages\/3102\/revisions\/3198"}],"wp:attachment":[{"href":"https:\/\/www.rcyb.ch\/new\/wp-json\/wp\/v2\/media?parent=3102"}],"curies":[{"name":"wp","href":"https:\/\/api.w.org\/{rel}","templated":true}]}}