{"id":31,"date":"2017-10-16T19:27:08","date_gmt":"2017-10-16T19:27:08","guid":{"rendered":"http:\/\/www.rcyb.ch\/?page_id=31"},"modified":"2024-02-04T14:31:04","modified_gmt":"2024-02-04T13:31:04","slug":"nous-trouver","status":"publish","type":"page","link":"https:\/\/www.rcyb.ch\/new\/nous-trouver\/","title":{"rendered":"Nous trouver"},"content":{"rendered":"<p style=\"text-align: justify;\"><span style=\"font-family: arial,helvetica,sans-serif; font-size: 18pt;\">Nous trouver, c&#8217;est facile<\/span><\/p>\n<p style=\"text-align: justify;\"><span style=\"font-family: arial,helvetica,sans-serif; font-size: 12pt;\">Le local se situe au sous-sol de l&#8217;\u00e9cole des&nbsp;4 Marronniers (entr\u00e9e c\u00f4t\u00e9 canal du&nbsp;Buron, vers le couvert \u00e0 v\u00e9los).<\/span><br \/>\n<span style=\"font-family: arial,helvetica,sans-serif; font-size: 12pt;\">S&#8217;y rendre par l&#8217;avenue des 4 Marronniers ou par l&#8217;avenue Haldimand.<br \/>\n<\/span><\/p>\n<p style=\"text-align: justify;\"><span style=\"font-family: arial,helvetica,sans-serif; font-size: 14pt;\"><strong>Acc\u00e8s<\/strong><\/span><span style=\"font-size: large;\"><span style=\"font-family: arial,helvetica,sans-serif; font-size: 14pt;\">:<\/span><br \/>\n<\/span><strong><br \/>\n<span style=\"font-family: arial,helvetica,sans-serif; font-size: 12pt;\"> BUS<\/span><\/strong><span style=\"font-family: arial,helvetica,sans-serif; font-size: 12pt;\"> TRAVYS au d\u00e9part de la gare, quai B (c\u00f4t\u00e9 parking) :<br \/>\n&#8211; ligne 601, arr\u00eat &#8220;Pont du Buron&#8221;; lignes 602 &#8211; 603 &#8211; 604, arr\u00eat &#8220;4 Marronniers&#8221;<\/span><\/p>\n<p style=\"text-align: justify;\"><span style=\"font-family: arial,helvetica,sans-serif; font-size: 12pt;\"><br \/>\n<b>VOITURE&nbsp;:<br \/>\n&#8211; <\/b><\/span><span style=\"font-family: arial,helvetica,sans-serif; font-size: 12pt;\">Places gratuites le long de l&#8217;avenue Haldimand, rue de la Sablonnaire, rue du Mont\u00e9laz, rue du 14 Avril et l&#8217;avenue des 4 Marronniers.<\/span><\/p>\n<p><iframe loading=\"lazy\" style=\"border: 0px currentColor;\" src=\"https:\/\/www.google.com\/maps\/embed?pb=!1m18!1m12!1m3!1d2732.384000245377!2d6.646181415601926!3d46.77703727913848!2m3!1f0!2f0!3f0!3m2!1i1024!2i768!4f13.1!3m3!1m2!1s0x0%3A0x82b94ef2f82cc317!2sRail+Club+Yverdon-les-Bains!5e0!3m2!1sfr!2sus!4v1492249421481\" width=\"600\" height=\"450\" frameborder=\"0\" allowfullscreen=\"allowfullscreen\"><\/iframe><\/p>\n","protected":false},"excerpt":{"rendered":"<p>Nous trouver, c&#8217;est facile Le local se situe au sous-sol de l&#8217;\u00e9cole des&nbsp;4 Marronniers (entr\u00e9e c\u00f4t\u00e9 canal du&nbsp;Buron, vers le couvert \u00e0 v\u00e9los). S&#8217;y rendre par l&#8217;avenue des 4 Marronniers ou par l&#8217;avenue Haldimand. Acc\u00e8s: BUS TRAVYS au d\u00e9part de la gare, quai B (c\u00f4t\u00e9 parking) : &#8211; ligne 601, [&hellip;]<\/p>\n","protected":false},"author":1,"featured_media":0,"parent":0,"menu_order":0,"comment_status":"closed","ping_status":"closed","template":"","meta":{"ngg_post_thumbnail":0,"footnotes":""},"class_list":["post-31","page","type-page","status-publish","hentry"],"_links":{"self":[{"href":"https:\/\/www.rcyb.ch\/new\/wp-json\/wp\/v2\/pages\/31","targetHints":{"allow":["GET"]}}],"collection":[{"href":"https:\/\/www.rcyb.ch\/new\/wp-json\/wp\/v2\/pages"}],"about":[{"href":"https:\/\/www.rcyb.ch\/new\/wp-json\/wp\/v2\/types\/page"}],"author":[{"embeddable":true,"href":"https:\/\/www.rcyb.ch\/new\/wp-json\/wp\/v2\/users\/1"}],"replies":[{"embeddable":true,"href":"https:\/\/www.rcyb.ch\/new\/wp-json\/wp\/v2\/comments?post=31"}],"version-history":[{"count":4,"href":"https:\/\/www.rcyb.ch\/new\/wp-json\/wp\/v2\/pages\/31\/revisions"}],"predecessor-version":[{"id":4490,"href":"https:\/\/www.rcyb.ch\/new\/wp-json\/wp\/v2\/pages\/31\/revisions\/4490"}],"wp:attachment":[{"href":"https:\/\/www.rcyb.ch\/new\/wp-json\/wp\/v2\/media?parent=31"}],"curies":[{"name":"wp","href":"https:\/\/api.w.org\/{rel}","templated":true}]}}