{"id":29,"date":"2017-10-16T19:26:42","date_gmt":"2017-10-16T19:26:42","guid":{"rendered":"http:\/\/www.rcyb.ch\/?page_id=29"},"modified":"2022-09-22T10:43:42","modified_gmt":"2022-09-22T08:43:42","slug":"mag-ferro","status":"publish","type":"page","link":"https:\/\/www.rcyb.ch\/new\/mag-ferro\/","title":{"rendered":"Mag Ferro"},"content":{"rendered":"<p><span style=\"font-family: arial,helvetica,sans-serif; font-size: 18pt;\">Magasins<br \/>\n<\/span><\/p>\n<ul>\n<li><a href=\"http:\/\/www.bahnorama.ch\" target=\"_blank\" rel=\"noopener noreferrer\"><span style=\"font-family: arial,helvetica,sans-serif; font-size: 12pt;\">Bahnorama, Bern B\u00fcmpliz<\/span><\/a><\/li>\n<li><span style=\"font-family: arial,helvetica,sans-serif;\"><span style=\"font-family: arial,helvetica,sans-serif;\"><a href=\"http:\/\/www.modellbaustudio.ch\" target=\"_blank\" rel=\"noopener noreferrer\">Born, Rapperswil<\/a><\/span><\/span><\/li>\n<li><a href=\"http:\/\/www.buehler-interlaken.ch\" target=\"_blank\" rel=\"noopener noreferrer\"><span style=\"font-family: arial,helvetica,sans-serif; font-size: 12pt;\">B\u00fchler, Interlaken<\/span><\/a><\/li>\n<li><a href=\"http:\/\/www.eyro.ch\" target=\"_blank\" rel=\"noopener noreferrer\"><span style=\"font-family: arial,helvetica,sans-serif; font-size: 12pt;\">Eyro, Interlaken<\/span><\/a><\/li>\n<li><a href=\"http:\/\/www.margaudtrains.ch\" target=\"_blank\" rel=\"noopener noreferrer\"><span style=\"font-family: arial,helvetica,sans-serif; font-size: 12pt;\">Margaudtrains, Ecl\u00e9pens<\/span><\/a><\/li>\n<li><a href=\"http:\/\/www.messingers.ch\" target=\"_blank\" rel=\"noopener noreferrer\"><span style=\"font-family: arial,helvetica,sans-serif; font-size: 12pt;\">Messingers, Luzern<\/span><\/a><\/li>\n<li><span style=\"font-family: arial, helvetica, sans-serif;\"><a href=\"https:\/\/micro-model.ch\/fr\/\" target=\"_blank\" rel=\"noopener\">Micro-Model, Vernayaz. Outillages et accessoires pour le mod\u00e9lisme.<\/a><\/span>&nbsp; &nbsp;&nbsp;<\/li>\n<li><a href=\"http:\/\/www.modellbauland.ch\" target=\"_blank\" rel=\"noopener noreferrer\"><span style=\"font-family: arial,helvetica,sans-serif; font-size: 12pt;\">Modellbauland, Hauptwil<\/span><\/a><\/li>\n<li><a href=\"https:\/\/www.oldpullman.ch\/\" target=\"_blank\" rel=\"noopener noreferrer\"><span style=\"font-family: arial, helvetica, sans-serif;\">Old Pullman, St\u00e4fa<\/span><\/a><\/li>\n<li><a href=\"http:\/\/www.wemoba.ch\" target=\"_blank\" rel=\"noopener noreferrer\"><span style=\"font-family: arial,helvetica,sans-serif; font-size: 12pt;\">Wemoba, Pieterlen<\/span><\/a><\/li>\n<li><a href=\"http:\/\/www.zuba-tech.ch\" target=\"_blank\" rel=\"noopener noreferrer\"><span style=\"font-family: arial,helvetica,sans-serif; font-size: 12pt;\">Zuba-Tech, St-Gallen<\/span><\/a><\/li>\n<\/ul>\n<hr>\n<p><span style=\"font-family: arial, helvetica, sans-serif; font-size: 18pt;\">Fabricants de mat\u00e9riel roulant<\/span><\/p>\n<ul>\n<li><a href=\"http:\/\/acmetreni.it\" target=\"_blank\" rel=\"noopener noreferrer\"><span style=\"font-family: arial, helvetica, sans-serif;\">A. C. M. E.<\/span><\/a><\/li>\n<li><a href=\"http:\/\/aku-modelle.ch\" target=\"_blank\" rel=\"noopener noreferrer\"><span style=\"font-family: arial, helvetica, sans-serif;\">AKU-Modelleisenbahnen, M\u00fclligen<\/span><\/a><\/li>\n<li><span style=\"font-family: arial, helvetica, sans-serif;\"><a href=\"http:\/\/b-models.be\" target=\"_blank\" rel=\"noopener noreferrer\">B-models<\/a><\/span><\/li>\n<li><a href=\"http:\/\/bemo-modellbahn.de\" target=\"_blank\" rel=\"noopener noreferrer\"><span style=\"font-family: arial, helvetica, sans-serif;\">Bemo<\/span><\/a><\/li>\n<li><a href=\"http:\/\/brawa.de\" target=\"_blank\" rel=\"noopener noreferrer\"><span style=\"font-family: arial, helvetica, sans-serif;\">Brawa<\/span><\/a><\/li>\n<li><a href=\"http:\/\/emb-gmbh.ch\" target=\"_blank\" rel=\"noopener noreferrer\"><span style=\"font-family: arial, helvetica, sans-serif;\">EMB Emmental&nbsp; Modellbau Gmbh, Aarwangen<\/span><\/a><\/li>\n<li><span style=\"font-family: arial, helvetica, sans-serif;\"><a href=\"http:\/\/fleischmann.de\" target=\"_blank\" rel=\"noopener noreferrer\">Fleischmann<\/a><\/span><\/li>\n<li><a href=\"http:\/\/friholenk.ch\" target=\"_blank\" rel=\"noopener noreferrer\"><span style=\"font-family: arial, helvetica, sans-serif;\">Friho, Lenk<\/span><\/a><\/li>\n<li><a href=\"http:\/\/www.fulgurex.ch\" target=\"_blank\" rel=\"noopener noreferrer\"><span style=\"font-family: arial, helvetica, sans-serif;\">Fulgurex, Lausanne<\/span><\/a><\/li>\n<li><a href=\"https:\/\/www.hag.swiss\/\" target=\"_blank\" rel=\"noopener noreferrer\"><span style=\"font-family: arial, helvetica, sans-serif;\">HAG<\/span><\/a><\/li>\n<li><a href=\"http:\/\/trains.wipertech.ch\/Trains\" target=\"_blank\" rel=\"noopener noreferrer\"><span style=\"font-family: arial, helvetica, sans-serif;\">HAG (Banque de donn\u00e9es du mat\u00e9riel roulant)<\/span><\/a><\/li>\n<li><span style=\"font-family: arial, helvetica, sans-serif;\"><a href=\"https:\/\/shop.ferro-train.com\/HallingShop\/\" target=\"_blank\" rel=\"noopener\">Halling Modelle (sp\u00e9cialiste voies \u00e9troites et trams internationaux)<\/a>&nbsp; &nbsp;<\/span><\/li>\n<li><span style=\"font-family: arial, helvetica, sans-serif;\"><a href=\"https:\/\/www.heris-modelleisenbahn.de\/\" target=\"_blank\" rel=\"noopener noreferrer\">Heris<\/a><\/span><\/li>\n<li><a href=\"https:\/\/www.jaegerndorfer.at\/index.php\" target=\"_blank\" rel=\"noopener noreferrer\"><span style=\"font-family: arial, helvetica, sans-serif;\">J\u00e4gerndorfer Collection<\/span><\/a><\/li>\n<li><a href=\"http:\/\/lematec.ch\" target=\"_blank\" rel=\"noopener noreferrer\"><span style=\"font-family: arial, helvetica, sans-serif;\">Lematec, Bex<\/span><\/a><\/li>\n<li><a href=\"http:\/\/liliput.de\" target=\"_blank\" rel=\"noopener noreferrer\"><span style=\"font-family: arial, helvetica, sans-serif;\">Liliput<\/span><\/a><\/li>\n<li><a href=\"http:\/\/lsmodels.com\" target=\"_blank\" rel=\"noopener noreferrer\"><span style=\"font-family: arial, helvetica, sans-serif;\">LS Models<\/span><\/a><\/li>\n<li><a href=\"http:\/\/www.mabar.es\" target=\"_blank\" rel=\"noopener noreferrer\"><span style=\"font-family: arial, helvetica, sans-serif;\">Mabar<\/span><\/a><\/li>\n<li><a href=\"http:\/\/marklin.de\" target=\"_blank\" rel=\"noopener noreferrer\"><span style=\"font-family: arial, helvetica, sans-serif;\">M\u00e4rklin<\/span><\/a><\/li>\n<li><a href=\"http:\/\/modelbex.com\" target=\"_blank\" rel=\"noopener noreferrer\"><span style=\"font-family: arial, helvetica, sans-serif;\">Modelbex, Bex<\/span><\/a><\/li>\n<li><span style=\"font-family: arial, helvetica, sans-serif;\"><a href=\"http:\/\/piko.de\" target=\"_blank\" rel=\"noopener noreferrer\">Piko<\/a><\/span><\/li>\n<li><a href=\"http:\/\/ree-modeles.com\" target=\"_blank\" rel=\"noopener noreferrer\"><span style=\"font-family: arial, helvetica, sans-serif;\">REE Mod\u00e8les<\/span><\/a><\/li>\n<li><a href=\"http:\/\/roco.cc\" target=\"_blank\" rel=\"noopener noreferrer\"><span style=\"font-family: arial, helvetica, sans-serif;\">Roco<\/span><\/a><\/li>\n<li><a href=\"https:\/\/www.roco.cc\/rde\/ersatzteile\" target=\"_blank\" rel=\"noopener noreferrer\"><span style=\"font-family: arial, helvetica, sans-serif;\">Roco, pi\u00e8ces d\u00e9tach\u00e9es<\/span><\/a><\/li>\n<li><a href=\"http:\/\/www.tillig.com\" target=\"_blank\" rel=\"noopener noreferrer\"><span style=\"font-family: arial, helvetica, sans-serif;\">Tillig<\/span><\/a><\/li>\n<li><a href=\"http:\/\/trix.de\" target=\"_blank\" rel=\"noopener noreferrer\"><span style=\"font-family: arial, helvetica, sans-serif;\">Trix<\/span><\/a><\/li>\n<\/ul>\n<hr>\n<p><span style=\"font-family: arial, helvetica, sans-serif; font-size: 18pt;\">Fabricants pour voies, d\u00e9cors, etc&#8230;<\/span><\/p>\n<ul style=\"list-style-type: disc;\">\n<li><a href=\"http:\/\/alphamodell.eu\/\" target=\"_blank\" rel=\"noopener noreferrer\"><span style=\"font-family: arial, helvetica, sans-serif;\">Alphamodell<\/span><\/a><\/li>\n<li><span style=\"font-family: arial, helvetica, sans-serif;\"><a href=\"https:\/\/auhagen.de\/de\/Home_10.html?sid=FC6wEI2UNOiIGvpMF75OektVAznMv5E4\" target=\"_blank\" rel=\"noopener\">Auhagen<\/a>&nbsp;<\/span>&nbsp;<\/li>\n<li><span style=\"font-family: arial, helvetica, sans-serif;\"><a href=\"https:\/\/www.busch-model.info\/\" target=\"_blank\" rel=\"noopener noreferrer\">Busch<\/a><\/span><\/li>\n<li><span style=\"font-family: arial, helvetica, sans-serif;\"><a href=\"http:\/\/esu.eu\" target=\"_blank\" rel=\"noopener noreferrer\">ESU \u00e9lectronique<\/a><\/span><\/li>\n<li><a href=\"http:\/\/faller.de\" target=\"_blank\" rel=\"noopener noreferrer\"><span style=\"font-family: arial, helvetica, sans-serif;\">Faller<\/span><\/a><\/li>\n<li><a href=\"https:\/\/www.freiwald.com\/pages\/traincontroller.htm\" target=\"_blank\" rel=\"noopener noreferrer\"><span style=\"font-family: arial, helvetica, sans-serif;\">Freiwald Software &#8220;TrainController&#8221;<\/span><\/a><\/li>\n<li><a href=\"http:\/\/heki-kittler.de\" target=\"_blank\" rel=\"noopener noreferrer\"><span style=\"font-family: arial, helvetica, sans-serif;\">Heki<\/span><\/a><\/li>\n<li><a href=\"http:\/\/viessmann-modell.com\" target=\"_blank\" rel=\"noopener noreferrer\"><span style=\"font-family: arial, helvetica, sans-serif;\">Kibri<\/span><\/a><\/li>\n<li><a href=\"https:\/\/www.ldt-infocenter.com\/dokuwiki\/doku.php?id=fr:ldt-infocenter\" target=\"_blank\" rel=\"noopener noreferrer\"><span style=\"font-family: arial, helvetica, sans-serif;\">LDT<\/span><\/a><\/li>\n<li><a href=\"http:\/\/microscale.ch\/\" target=\"_blank\" rel=\"noopener noreferrer\"><span style=\"font-family: arial, helvetica, sans-serif;\">Microscale<\/span><\/a><\/li>\n<li><span style=\"font-family: arial, helvetica, sans-serif;\"><a href=\"http:\/\/mtb-model.com\" target=\"_blank\" rel=\"noopener noreferrer\">mtb<\/a>&nbsp;<\/span><\/li>\n<li><span style=\"font-family: arial, helvetica, sans-serif;\"><a href=\"http:\/\/noch.de\" target=\"_blank\" rel=\"noopener noreferrer\">Noch<\/a><\/span><\/li>\n<li><span style=\"font-family: arial, helvetica, sans-serif;\"><a href=\"http:\/\/peco-uk.com\" target=\"_blank\" rel=\"noopener noreferrer\">Peco<\/a><\/span><\/li>\n<li><span style=\"font-family: arial, helvetica, sans-serif;\"><a href=\"http:\/\/www.preiserfiguren.de\" target=\"_blank\" rel=\"noopener noreferrer\">Preiser<\/a><\/span><\/li>\n<li><span style=\"font-family: arial, helvetica, sans-serif;\"><a href=\"https:\/\/www.sommerfeldt.de\/de\/\" target=\"_blank\" rel=\"noopener noreferrer\">Sommerfeldt<\/a><\/span><\/li>\n<li><a href=\"https:\/\/www.uhlenbrock.de\/de_DE\/index.htm\" target=\"_blank\" rel=\"noopener\"><span style=\"font-family: arial, helvetica, sans-serif;\">Uhlenbrock Elektronik<\/span><\/a>&nbsp; &nbsp;<\/li>\n<li><a href=\"http:\/\/viessmann-modell.com\" target=\"_blank\" rel=\"noopener noreferrer\"><span style=\"font-family: arial, helvetica, sans-serif;\">Viessmann<\/span><\/a><\/li>\n<li><a href=\"http:\/\/viessmann-modell.com\" target=\"_blank\" rel=\"noopener noreferrer\"><span style=\"font-family: arial, helvetica, sans-serif;\">Vollmer<\/span><\/a><\/li>\n<li><a href=\"https:\/\/weinert-modellbau.de\/\" target=\"_blank\" rel=\"noopener\">Weinert Modellbau<\/a>&nbsp;<\/li>\n<\/ul>\n","protected":false},"excerpt":{"rendered":"<p>Magasins Bahnorama, Bern B\u00fcmpliz Born, Rapperswil B\u00fchler, Interlaken Eyro, Interlaken Margaudtrains, Ecl\u00e9pens Messingers, Luzern Micro-Model, Vernayaz. Outillages et accessoires pour le mod\u00e9lisme.&nbsp; &nbsp;&nbsp; Modellbauland, Hauptwil Old Pullman, St\u00e4fa Wemoba, Pieterlen Zuba-Tech, St-Gallen Fabricants de mat\u00e9riel roulant A. C. M. E. AKU-Modelleisenbahnen, M\u00fclligen B-models Bemo Brawa EMB Emmental&nbsp; Modellbau Gmbh, Aarwangen [&hellip;]<\/p>\n","protected":false},"author":1,"featured_media":0,"parent":0,"menu_order":0,"comment_status":"closed","ping_status":"closed","template":"","meta":{"ngg_post_thumbnail":0,"footnotes":""},"class_list":["post-29","page","type-page","status-publish","hentry"],"_links":{"self":[{"href":"https:\/\/www.rcyb.ch\/new\/wp-json\/wp\/v2\/pages\/29","targetHints":{"allow":["GET"]}}],"collection":[{"href":"https:\/\/www.rcyb.ch\/new\/wp-json\/wp\/v2\/pages"}],"about":[{"href":"https:\/\/www.rcyb.ch\/new\/wp-json\/wp\/v2\/types\/page"}],"author":[{"embeddable":true,"href":"https:\/\/www.rcyb.ch\/new\/wp-json\/wp\/v2\/users\/1"}],"replies":[{"embeddable":true,"href":"https:\/\/www.rcyb.ch\/new\/wp-json\/wp\/v2\/comments?post=29"}],"version-history":[{"count":33,"href":"https:\/\/www.rcyb.ch\/new\/wp-json\/wp\/v2\/pages\/29\/revisions"}],"predecessor-version":[{"id":4091,"href":"https:\/\/www.rcyb.ch\/new\/wp-json\/wp\/v2\/pages\/29\/revisions\/4091"}],"wp:attachment":[{"href":"https:\/\/www.rcyb.ch\/new\/wp-json\/wp\/v2\/media?parent=29"}],"curies":[{"name":"wp","href":"https:\/\/api.w.org\/{rel}","templated":true}]}}