{"id":2644,"date":"2020-04-06T14:32:53","date_gmt":"2020-04-06T12:32:53","guid":{"rendered":"https:\/\/www.rcyb.ch\/?page_id=2644"},"modified":"2020-11-19T15:10:07","modified_gmt":"2020-11-19T14:10:07","slug":"histoire","status":"publish","type":"page","link":"https:\/\/www.rcyb.ch\/new\/histoire\/","title":{"rendered":"Histoire"},"content":{"rendered":"\n<h2><strong>Petite historique du mod\u00e9lisme ferroviaire<\/strong><\/h2>\n<p style=\"text-align: justify;\"><strong><br>Au commencement<\/strong><\/p>\n<p style=\"text-align: justify;\">Il est difficile d&#8217;estimer une date de l&#8217;invention du train miniature et de nommer un ou des cr\u00e9ateur(s). Visiblement cela est arriv\u00e9 peu de temps apr\u00e8s l&#8217;adoption du train r\u00e9el dans le monde. Les premiers mod\u00e8les sont usin\u00e9s librement par des artisans travaillant le fer-blanc qui utilisent alors les chutes des d\u00e9coupes pour faire des reproductions de v\u00e9hicules. En Angleterre, aux alentours de 1840, les premi\u00e8res machines \u00e0 vapeur deviennent disponibles. &#8220;M\u00e4rklin&#8221; arrive sur le march\u00e9 en 1891 avec une composition mue par un mouvement d&#8217;horlogerie. Cependant, la majorit\u00e9 des trains sont des mod\u00e8les \u00e0 tra\u00eener ou de plancher, le tout sans rail. Ces mod\u00e8les se trouveront dans les catalogues, des diff\u00e9rents fabricants jusqu&#8217;en 1930.<\/p>\n<p style=\"text-align: justify;\">Puis, vers 1890-1900, arrivent, ce qui se nomme les &#8220;trains jouets&#8221; roulant alors sur rails. Tout d&#8217;abord sur des rails en coupons puis \u00e0 orni\u00e8res. Finalement de v\u00e9ritables tron\u00e7ons de voies sont fabriqu\u00e9s et permettent les montages selon les envies. Ceux-ci permettent la conception des premiers &#8220;ronds&#8221; ou &#8220;ovales&#8221;. Certains r\u00e9seaux sont d\u00e9j\u00e0 compl\u00e9t\u00e9s par des appareils de voies (aiguilles, croisements, etc.)<\/p>\n<p style=\"text-align: justify;\">Les reproductions sont, \u00e0 cette \u00e9poque, des jouets de luxe. Fabriqu\u00e9s en t\u00f4le estamp\u00e9e, emboutie voir lithographi\u00e9e. Cette m\u00e9thode, mise au point vers 1910, est typhiques des marques &#8220;JEP&#8221;, &#8220;Hornby&#8221; et &#8220;M\u00e4rklin&#8221;. Les v\u00e9hicules sont reproduits \u00e0 des \u00e9chelles allant du 1\/15 au 1\/45 et sans aucune norme standard entre les diff\u00e9rents fabricants. Ce qui assure l&#8217;exclusivit\u00e9 aupr\u00e8s des clients. Ces trains sont plus une &#8220;image&#8221; du mod\u00e8le r\u00e9el qu&#8217;une reproduction r\u00e9aliste. Il est facile de le constater en observant les machines construites en petits. Telle une locomotive passant de 6 essieux en r\u00e9el \u00e0 un mod\u00e8le \u00e0 2 essieux. Ces derniers \u00e9tant uniquement un bogie moteur commun \u00e0 chaque locomotive d&#8217;une m\u00eame marque.<\/p>\n<p style=\"text-align: justify;\">Au d\u00e9part les locomotives sont munies d&#8217;un entra\u00eenement m\u00e9canique qui, \u00e0 compter de 1905, sont progressivement remplac\u00e9s par des moteurs \u00e9lectriques. Quant aux diff\u00e9rents appareils de voies, ceux-ci restent \u00e0 commande manuelle. La tension, alimentant les moteurs de traction, est fournie par un &#8220;3\u00e8me rail&#8221; central. Petit-\u00e0-petit ces <em>trains jouets<\/em> commencent \u00e0 \u00eatre reconnus comme un loisir s\u00e9rieux avec une connotation \u00e9ducative. Cela perdure jusque dans les ann\u00e9es 50.<\/p>\n<p style=\"text-align: justify;\"><strong>La naissance du mod\u00e9lisme ferroviaire moderne<\/strong><\/p>\n<p style=\"text-align: justify;\">Des mod\u00e8les de tr\u00e8s bonnes finitions et tout m\u00e9tal sont construits au d\u00e9but du 20\u00e8me si\u00e8cle. Malgr\u00e9 tout, les puristes du mod\u00e9lisme, ne re\u00e7oivent que peu d&#8217;\u00e9gards de la part des grands fabricants. Pendant ce temps, au Japon, des amateurs et une partie d&#8217;artisans reproduisent fid\u00e8lement et de toutes pi\u00e8ces, des locomotives en laiton en 0 ou en I. N\u00e9anmoins, ces mod\u00e8les sont davantage destin\u00e9s \u00e0 l&#8217;exposition en vitrine qu&#8217;\u00e0 la circulation sur un r\u00e9seau.<\/p>\n<p style=\"text-align: justify;\">A la sortie de la 1\u00e8re guerre mondiale, apparaissent les premi\u00e8res productions artisanales. Celles-ci proposent du mat\u00e9riel roulant ainsi que des voies. D&#8217;autres parts, ces particuliers modifient des mod\u00e8les de grandes marques et commencent \u00e0 s&#8217;int\u00e9resser aux d\u00e9cors. Le nombre de ces mod\u00e9listes restent tr\u00e8s faibles. D\u00e8s 1920, les tron\u00e7ons de voie sont dot\u00e9s d&#8217;un trou, permettant le montage sur une planche et, en 1930, d\u00e9barquent les premiers \u00e9l\u00e9ments de voie \u00e9lectrique. Le mod\u00e9lisme continue \u00e0 \u00eatre pratiqu\u00e9 par les familles les plus ais\u00e9es financi\u00e8rement. La &#8220;guerre&#8221; entre le continu, plus r\u00e9aliste, et l&#8217;alternatif se fait ressentir.<\/p>\n<p style=\"text-align: justify;\">1910, \u00e0 Londres, est enregistr\u00e9 ce qui peut \u00eatre le premier Rail Club. En 1935, la &#8220;National Model Railroad Association&#8221; (NMRA), est cr\u00e9\u00e9e aux Etats-Unis et avec elle, la volont\u00e9 d&#8217;obtenir des normes standards pour les mod\u00e8les et les accessoires.<\/p>\n<p style=\"text-align: justify;\">Durant cette p\u00e9riode d&#8217;entre-deux guerres, plusieurs artisans proposent des mod\u00e8les r\u00e9duits et des revues sp\u00e9cialis\u00e9es commencent \u00e0 \u00eatre publi\u00e9es. Les premi\u00e8res sortent au Japon, au d\u00e9but des ann\u00e9es 30. Suivent les Etats-Unis, en 1935 avec &#8220;Model Railroader&#8221; ou encore la France, en 1938, avec &#8220;Loco-Revue&#8221;. Quant aux \u00e9chelles de reproductions, le 0 est la plus courante jusqu&#8217;au 2\u00e8me conflit mondial.<\/p>\n<p style=\"text-align: justify;\"><strong>L&#8217;apr\u00e8s-guerre<\/strong><\/p>\n<p style=\"text-align: justify;\">Les ann\u00e9es d&#8217;apr\u00e8s-guerre connaissent un engouement et un d\u00e9veloppement rapide. Les \u00e9chelles r\u00e9put\u00e9es (0, I et II) au d\u00e9but du si\u00e8cle sont, de plus en plus, laiss\u00e9es \u00e0 l&#8217;\u00e9cart pour des plus petites (00 ou H0). Les nouvelles constructions en plastiques permettent de diminuer consid\u00e9rablement les co\u00fbts tout en ayant l&#8217;avantage d&#8217;avoir des finitions plus r\u00e9alistes. Depuis, les grandes \u00e9chelles proposant les mod\u00e8les les plus finement reproduits, restent le &#8220;privil\u00e8ge&#8221; de mod\u00e9listes les plus \u00e9conomes ou fortun\u00e9s.<\/p>\n<p style=\"text-align: justify;\">D\u00e8s 1950, les mod\u00e8les sont construits de fa\u00e7on industrielle par des firmes telles que &#8220;M\u00e4rklin&#8221;, &#8220;Trix&#8221; ou encore &#8220;Fleischmann&#8221; en Allemagne ou Jouef en France. Outre-Atlantique, la maison &#8220;Lionel&#8221;, aux Etats-Unis, construit du 0-Am\u00e9ricain en 1\/48. &nbsp;Les japonais, sujets aux p\u00e9nuries d&#8217;apr\u00e8s-guerre et \u00e0 l&#8217;occupation am\u00e9ricaine, fabriquent des trains avec du mat\u00e9riel de r\u00e9cup\u00e9ration. Des coffrets de d\u00e9marrage incluant : un ovale de voie, avec ou sans aiguilles, une locomotive, quelques voitures ou wagons et d&#8217;un transformateur basse-tension, ont permis de rendre le train miniature populaire et de le rendre accessible \u00e0 tout public. Le H0 devient rapidement la norme et l&#8217;\u00e9chelle passe-partout.<\/p>\n<p style=\"text-align: justify;\">Aux Etats-Unis, la superproduction des mod\u00e8les fait que les magasins de mod\u00e9lisme ferroviaire, les fameux &#8220;Hobby Shops&#8221;, augmentent de fa\u00e7on exponentielle. A ce moment, tous les enfants r\u00eavent d&#8217;obtenir un train miniature.<\/p>\n<p style=\"text-align: justify;\">La &#8220;F\u00e9d\u00e9ration europ\u00e9enne des mod\u00e9liste ferroviaires et amis des chemins de fer&#8221; (MOROP) est fond\u00e9e en 1954 et prend son si\u00e8ge \u00e0 Berne. Elle cr\u00e9e alors les &#8220;Normes europ\u00e9ennes de mod\u00e9lisme&#8221; (NEM) et entretien des liens \u00e9troits avec son homologue am\u00e9ricain (NMRA). Dans la mesure du possible, les normes de compatibilit\u00e9 sont recherch\u00e9es des deux c\u00f4t\u00e9s de l&#8217;Atlantique et permettent de voir circuler r\u00e9unis le mat\u00e9riel de toutes marques \u00e0 l&#8217;\u00e9chelle choisie. Le 2 rails continu devient doucement leader du march\u00e9 gr\u00e2ce au r\u00e9alisme de la voie.<\/p>\n<p style=\"text-align: justify;\"><strong>Les ann\u00e9es 60 : les d\u00e9buts du mod\u00e9lisme contemporain<\/strong><\/p>\n<p style=\"text-align: justify;\">Le march\u00e9 est renforc\u00e9 et les prix deviennent encore plus attractifs. Cela rend possible la conception de r\u00e9seaux avec un grand nombre de voie, l\u00e8gue de 0 et du I. La nouvelle utilisation des plastiques et du zamac, tout comme la pression venant des mod\u00e9listes ainsi que des revues sp\u00e9cialis\u00e9es, imposent les fabricants \u00e0 une plus grande finition des v\u00e9hicules en H0. L&#8217;URSS se lance, \u00e0 son tour, dans le loisir ferroviaire d\u00e8s 1964, gr\u00e2ce aux importations des productions est-allemandes. La pratique du mod\u00e9lisme y reste bien laborieuse par le manque de moyens et les politiques qui ne voient pas toujours d&#8217;un bon \u0153il ce loisir. Cela durera jusqu&#8217;au d\u00e9clin de l&#8217;\u00e8re sovi\u00e9tique et n&#8217;emp\u00eache pas la cr\u00e9ation d&#8217;un Rail Club en 1969. Alors qu&#8217;\u00e0 Yverdon, en 1962, est fond\u00e9 le &#8220;Mini-Rail Yverdon&#8221;, devenu en 2001 le &#8220;Rail Club Yverdon-les-Bains&#8221; (RCYB).<\/p>\n<p style=\"text-align: justify;\">De nouvelles \u00e9chelles voient le jour. A commencer par le N en 1965 produit en Allemagne par &#8220;Arnold&#8221; et &#8220;Minitrix&#8221;. La maison &#8220;Kato&#8221; au Japon ne tarde pas \u00e0 embo\u00eeter le pas. &#8220;M\u00e4rklin&#8221; cr\u00e9e le Z en 1972. La maison &#8220;LGB&#8221; est fond\u00e9e en 1968 et se lance dans le march\u00e9 du train de jardin pour rajeunir le IIm.<\/p>\n<p style=\"text-align: justify;\">Au Japon, le laiton reste ind\u00e9tr\u00f4nable parmi les mod\u00e9listes les plus \u00e2g\u00e9s ou ceux exer\u00e7ant le H0. La fabrication semi-artisanale est d\u00e9localis\u00e9e en Cor\u00e9e du Sud. Ceci \u00e0 pour cons\u00e9quence que le r\u00e9alisme des mod\u00e8les, avec une quantit\u00e9 inou\u00efe de pi\u00e8ces, toutes plus fines les unes que les autres, font grimper les prix en fl\u00e8che en Europe. H\u00e9las, plusieurs r\u00e9alisations en H0, principalement les voitures, ont des longueurs r\u00e9duites (1\/120 ou 1\/100 au lieu de 1\/87) afin de pouvoir circuler sur les courbes <em>trop<\/em> serr\u00e9es de certains r\u00e9seaux ou sur les courts rayons des aiguilles &#8220;M\u00e4rklin&#8221;.<\/p>\n<p style=\"text-align: justify;\">L&#8217;\u00e9lectronique fait son entr\u00e9e dans le milieu avec des diodes \u00e9lectroluminescentes, Les d\u00e9cors ne sont pas en reste. Une nouvelle colle, connue sous le nom de &#8220;Cyanolite&#8221; ou &#8220;Super Glue&#8221;, simplifie nettement les assemblages des pi\u00e8ces. Enfin, au d\u00e9but des ann\u00e9es 70, les diff\u00e9rents flocages ou poudres imitant la v\u00e9g\u00e9tation, arrivent sur le march\u00e9.<\/p>\n<p style=\"text-align: justify;\">Durant les ann\u00e9es 80, les premiers rassemblements des maquettes modulaires ont lieux en Europe et prennent la place des simples r\u00e9seaux mont\u00e9s en ovales sur des planches. Le terme &#8220;mod\u00e9lisme ferroviaire&#8221; devient, quant \u00e0 lui, usuel. La conception des r\u00e9seaux reproduisant des lignes plausibles avec des reprises de la r\u00e9alit\u00e9 prend de l&#8217;ampleur. Les jeunes japonais deviennent adeptes du N et l&#8217;Europe fait connaissance avec le mod\u00e9lisme d&#8217;Am\u00e9rique du Nord au cours des ann\u00e9es 90.<\/p>\n<p style=\"text-align: justify;\"><strong>Fin du 20\u00e8me si\u00e8cle et entr\u00e9e dans le nouveau mill\u00e9naire<\/strong><\/p>\n<p style=\"text-align: justify;\">Pendant les ann\u00e9es 90, une crise dite de <em>vocations<\/em> d\u00e9bute. Celle-ci d\u00e9coule de plusieurs raisons : la diminution des surfaces habitables, le co\u00fbt des mod\u00e8les r\u00e9duits, de nouveaux choix de loisirs, la fabrication europ\u00e9enne de reproductions limit\u00e9s (qui font augmenter les prix d&#8217;usine) ou encore la production de mat\u00e9riel nettement plus fragile par les finitions r\u00e9alis\u00e9es, qui limite la manipulation par des adultes.<\/p>\n<p style=\"text-align: justify;\">De multiples restructurations ainsi que les rachats de diff\u00e9rents groupes am\u00e8nent \u00e0 la constitution de plusieurs groupes (&#8220;Roco&#8221;, &#8220;M\u00e4rklin&#8221;, &#8220;Hornby Railways&#8221; ou &#8220;Bachmann Industries&#8221;). Cette situation cr\u00e9e un doute l\u00e9gitime pour les mod\u00e8les d\u00e9j\u00e0 existants, sans compter les modifications de gestions des services apr\u00e8s-vente. Cette p\u00e9riode instaure une diminution de fabrication du mat\u00e9riel roulant. Ce qui se ressent fortement lors des \u00e9ditions de la Foire de Nuremberg (D) o\u00f9 chaque ann\u00e9e les fabricants pr\u00e9sentent leurs nouveaut\u00e9s. A la demande des mod\u00e9listes, les reproductions se font encore plus r\u00e9alistes, demandant des \u00e9tapes suppl\u00e9mentaires de fabrications ainsi que la mise en place d&#8217;autres techniques. Cela a pour impact de faire, une nouvelle fois, augmenter les prix de vente.<\/p>\n<p style=\"text-align: justify;\">Pour les professionnels et sp\u00e9cialistes de la branche, le mod\u00e9lisme ferroviaire endure multiples pr\u00e9jug\u00e9s. Le train miniature semble devenir trop compliqu\u00e9 \u00e0 des prix non attractifs et demanderait trop de place pour l&#8217;installation. Diff\u00e9rentes actions, afin de faire adh\u00e9rer \u00e0 ce loisir de jeunes mod\u00e9listes, sont d\u00e9velopp\u00e9es \u00e0 la fin des ann\u00e9es 90.<\/p>\n<p style=\"text-align: justify;\">Le cap de l&#8217;an 2000 franchi, les r\u00e9alisations des r\u00e9seaux, poussant au maximum les d\u00e9tails des d\u00e9cors (certaines fois encore plus que pour le mat\u00e9riel roulant), entre v\u00e9ritablement dans la pratique. Pour les plus grandes \u00e9chelles, les v\u00e9hicules profitent \u00e9galement des innovations de la technique avec, par exemple, les attelages \u00e0 boucle ou \u00e0 crochet qui sont remplac\u00e9s par d&#8217;autres plus r\u00e9aliste (attelage \u00e0 vis pour l&#8217;Europe ou attelage &#8220;Janney&#8221; pour l&#8217;Am\u00e9rique du Nord). Les possibilit\u00e9s du mod\u00e9lisme ferroviaire n&#8217;ont jamais \u00e9t\u00e9 aussi cons\u00e9quente qu&#8217;en ce d\u00e9but de si\u00e8cle. Que ce soit par sa quantit\u00e9 que par sa qualit\u00e9. L&#8217;essor d&#8217;internet simplifie l&#8217;acquisition aux documents.<\/p>\n<p style=\"text-align: justify;\">Les derniers progr\u00e8s proviennent de l&#8217;\u00e9lectronique et de l&#8217;informatique. L&#8217;exploitation des r\u00e9seaux passe du syst\u00e8me conventionnel, purement \u00e9lectrique, appel\u00e9 <em>analogique<\/em>, \u00e0 l&#8217;\u00e8re num\u00e9rique et son syst\u00e8me <em>digital<\/em>. Ce dernier est rendu standard, en 1993, par la NMRA. Les commandes des v\u00e9hicules, comme des \u00e9quipements de voies, se font par un microprocesseur. Les sons et les diff\u00e9rentes options d&#8217;\u00e9clairage des v\u00e9hicules apparaissent. L&#8217;accessibilit\u00e9 \u00e0 l&#8217;impression 3D permet aux mod\u00e9listes comme aux fabricants offre la possibilit\u00e9 de nouvelles cr\u00e9ations pour les pi\u00e8ces d\u00e9tach\u00e9es ou de parfaire les finitions des b\u00e2timents ou autres articles des d\u00e9cors.<\/p>\n<p style=\"text-align: justify;\"><strong>En r\u00e9sum\u00e9<\/strong><\/p>\n<p style=\"text-align: justify;\">Le mod\u00e9lisme ferroviaire est plus que jamais un loisir encr\u00e9 dans la vie actuelle. Qui plus est, avec l&#8217;av\u00e8nement de la miniaturisation, il est facile d&#8217;imaginer de futures d\u00e9couvertes ces prochains temps. Gr\u00e2ce \u00e0 la technologie, ce loisir connait un nouveau souffle aupr\u00e8s des jeunes et cela ne semble pas d&#8217;\u00eatre sur le point de s&#8217;arr\u00eater. Le mod\u00e9lisme ferroviaire a donc encore de beaux jours devant lui&#8230;<\/p>\n","protected":false},"excerpt":{"rendered":"<p>Petite historique du mod\u00e9lisme ferroviaire Au commencement Il est difficile d&#8217;estimer une date de l&#8217;invention du train miniature et de nommer un ou des cr\u00e9ateur(s). Visiblement cela est arriv\u00e9 peu de temps apr\u00e8s l&#8217;adoption du train r\u00e9el dans le monde. Les premiers mod\u00e8les sont usin\u00e9s librement par des artisans travaillant [&hellip;]<\/p>\n","protected":false},"author":1,"featured_media":0,"parent":0,"menu_order":0,"comment_status":"closed","ping_status":"closed","template":"","meta":{"ngg_post_thumbnail":0,"footnotes":""},"class_list":["post-2644","page","type-page","status-publish","hentry"],"_links":{"self":[{"href":"https:\/\/www.rcyb.ch\/new\/wp-json\/wp\/v2\/pages\/2644","targetHints":{"allow":["GET"]}}],"collection":[{"href":"https:\/\/www.rcyb.ch\/new\/wp-json\/wp\/v2\/pages"}],"about":[{"href":"https:\/\/www.rcyb.ch\/new\/wp-json\/wp\/v2\/types\/page"}],"author":[{"embeddable":true,"href":"https:\/\/www.rcyb.ch\/new\/wp-json\/wp\/v2\/users\/1"}],"replies":[{"embeddable":true,"href":"https:\/\/www.rcyb.ch\/new\/wp-json\/wp\/v2\/comments?post=2644"}],"version-history":[{"count":11,"href":"https:\/\/www.rcyb.ch\/new\/wp-json\/wp\/v2\/pages\/2644\/revisions"}],"predecessor-version":[{"id":3566,"href":"https:\/\/www.rcyb.ch\/new\/wp-json\/wp\/v2\/pages\/2644\/revisions\/3566"}],"wp:attachment":[{"href":"https:\/\/www.rcyb.ch\/new\/wp-json\/wp\/v2\/media?parent=2644"}],"curies":[{"name":"wp","href":"https:\/\/api.w.org\/{rel}","templated":true}]}}