{"id":2642,"date":"2020-04-06T14:32:31","date_gmt":"2020-04-06T12:32:31","guid":{"rendered":"https:\/\/www.rcyb.ch\/?page_id=2642"},"modified":"2020-04-06T19:31:22","modified_gmt":"2020-04-06T17:31:22","slug":"donnees-techniques","status":"publish","type":"page","link":"https:\/\/www.rcyb.ch\/new\/donnees-techniques\/","title":{"rendered":"Donn\u00e9es techniques"},"content":{"rendered":"\n<p><strong>Echelles du mod\u00e9lisme ferroviaire<\/strong><\/p>\n<p>Le mod\u00e9lisme ferroviaire est reproduit \u00e0 plusieurs \u00e9chelles, tant pour les&nbsp; v\u00e9hicules que pour les d\u00e9cors. Les diff\u00e9rents \u00e9cartements (normal, m\u00e9trique, etc.) que nous trouvons en r\u00e9el sont \u00e9galement retranscrits dans le monde miniature au sein des \u00e9chelles. En voici la liste non exhaustive.<\/p>\n<table style=\"height: 1557px; width: 93.1089%; border-collapse: collapse; border-style: solid; border-color: #000000;\">\n<tbody>\n<tr style=\"border-color: #ffffff;\">\n<td style=\"width: 16.6667%; height: 23px;\">Dimension<\/td>\n<td style=\"width: 11.0214%; height: 23px;\">Echelle<\/td>\n<td style=\"width: 8.488%; height: 23px;\">Voie<\/td>\n<td style=\"width: 14.3886%; height: 23px;\">D\u00e9signation<\/td>\n<td style=\"width: 12.6954%; height: 23px;\">Ecartement<\/td>\n<td style=\"width: 45.6755%; height: 23px;\">Observations<\/td>\n<\/tr>\n<tr style=\"height: 23px;\">\n<td style=\"width: 16.6667%; height: 23px; background-color: #bdbdbd;\"><strong>Z<\/strong><\/td>\n<td style=\"width: 11.0214%; height: 23px; background-color: #bdbdbd;\">1\/220<\/td>\n<td style=\"width: 8.488%; height: 23px; background-color: #bdbdbd;\">Z<\/td>\n<td style=\"width: 14.3886%; height: 23px; background-color: #bdbdbd;\">Normale<\/td>\n<td style=\"width: 12.6954%; height: 23px; background-color: #bdbdbd;\">6,5 mm<\/td>\n<td style=\"width: 45.6755%; height: 23px; background-color: #bdbdbd;\">En Europe de l&#8217;ouest, Am\u00e9rique<\/td>\n<\/tr>\n<tr style=\"height: 23px;\">\n<td style=\"width: 16.6667%; height: 23px; background-color: #bdbdbd;\"><strong>&nbsp;<\/strong><\/td>\n<td style=\"width: 11.0214%; height: 23px; background-color: #bdbdbd;\">&nbsp;<\/td>\n<td style=\"width: 8.488%; height: 23px; background-color: #bdbdbd;\">Zm<\/td>\n<td style=\"width: 14.3886%; height: 23px; background-color: #bdbdbd;\">M\u00e9trique<\/td>\n<td style=\"width: 12.6954%; height: 23px; background-color: #bdbdbd;\">4,5 mm<\/td>\n<td style=\"width: 45.6755%; height: 23px; background-color: #bdbdbd;\">du Nord et Japon.<\/td>\n<\/tr>\n<tr style=\"height: 23px;\">\n<td style=\"width: 16.6667%; background-color: #ffffff; height: 23px;\"><strong>N<\/strong><\/td>\n<td style=\"width: 11.0214%; background-color: #ffffff; height: 23px;\">1\/160<\/td>\n<td style=\"width: 8.488%; background-color: #ffffff; height: 23px;\">N<\/td>\n<td style=\"width: 14.3886%; background-color: #ffffff; height: 23px;\">Normale<\/td>\n<td style=\"width: 12.6954%; background-color: #ffffff; height: 23px;\">9 mm<\/td>\n<td style=\"width: 45.6755%; background-color: #ffffff; height: 23px;\">N pour neun (9 en allemand)<\/td>\n<\/tr>\n<tr style=\"height: 23px;\">\n<td style=\"width: 16.6667%; background-color: #ffffff; height: 23px;\"><strong>&nbsp;<\/strong><\/td>\n<td style=\"width: 11.0214%; background-color: #ffffff; height: 23px;\">&nbsp;<\/td>\n<td style=\"width: 8.488%; background-color: #ffffff; height: 23px;\">Nm<\/td>\n<td style=\"width: 14.3886%; background-color: #ffffff; height: 23px;\">M\u00e9trique<\/td>\n<td style=\"width: 12.6954%; background-color: #ffffff; height: 23px;\">6,5 mm<\/td>\n<td style=\"width: 45.6755%; background-color: #ffffff; height: 23px;\">de l&#8217;\u00e9cartement. En Europe,<\/td>\n<\/tr>\n<tr style=\"height: 23px;\">\n<td style=\"width: 16.6667%; background-color: #ffffff; height: 23px;\"><strong>&nbsp;<\/strong><\/td>\n<td style=\"width: 11.0214%; background-color: #ffffff; height: 23px;\">&nbsp;<\/td>\n<td style=\"width: 8.488%; background-color: #ffffff; height: 23px;\">Ne<\/td>\n<td style=\"width: 14.3886%; background-color: #ffffff; height: 23px;\">Etroite<\/td>\n<td style=\"width: 12.6954%; background-color: #ffffff; height: 23px;\">4,5 mm<\/td>\n<td style=\"width: 45.6755%; background-color: #ffffff; height: 23px;\">Am\u00e9rique du Nord et Japon.<\/td>\n<\/tr>\n<tr style=\"height: 23px;\">\n<td style=\"width: 16.6667%; height: 23px; background-color: #bdbdbd;\"><strong>TT<\/strong><\/td>\n<td style=\"width: 11.0214%; height: 23px; background-color: #bdbdbd;\">1\/120<\/td>\n<td style=\"width: 8.488%; height: 23px; background-color: #bdbdbd;\">TT<\/td>\n<td style=\"width: 14.3886%; height: 23px; background-color: #bdbdbd;\">Normale<\/td>\n<td style=\"width: 12.6954%; height: 23px; background-color: #bdbdbd;\">12 mm<\/td>\n<td style=\"width: 45.6755%; height: 23px; background-color: #bdbdbd;\">Cr\u00e9\u00e9e en Am\u00e9rique du nord.<\/td>\n<\/tr>\n<tr style=\"height: 23px;\">\n<td style=\"width: 16.6667%; background-color: #bdbdbd; height: 23px;\">&#8220;Table Top&#8221;<\/td>\n<td style=\"width: 11.0214%; background-color: #bdbdbd; height: 23px;\">&nbsp;<\/td>\n<td style=\"width: 8.488%; background-color: #bdbdbd; height: 23px;\">TTm<\/td>\n<td style=\"width: 14.3886%; background-color: #bdbdbd; height: 23px;\">M\u00e9trique<\/td>\n<td style=\"width: 12.6954%; background-color: #bdbdbd; height: 23px;\">9 mm<\/td>\n<td style=\"width: 45.6755%; background-color: #bdbdbd; height: 23px;\">Tr\u00e8s r\u00e9pandu en Europe de l&#8217;Est et<\/td>\n<\/tr>\n<tr style=\"height: 23px;\">\n<td style=\"width: 16.6667%; background-color: #bdbdbd; height: 23px;\"><strong>&nbsp;<\/strong><\/td>\n<td style=\"width: 11.0214%; background-color: #bdbdbd; height: 23px;\">&nbsp;<\/td>\n<td style=\"width: 8.488%; background-color: #bdbdbd; height: 23px;\">TTe<\/td>\n<td style=\"width: 14.3886%; background-color: #bdbdbd; height: 23px;\">Etroite<\/td>\n<td style=\"width: 12.6954%; background-color: #bdbdbd; height: 23px;\">6,5 mm<\/td>\n<td style=\"width: 45.6755%; background-color: #bdbdbd; height: 23px;\">en ex-Allemagne de l&#8217;Est. Plus rare<\/td>\n<\/tr>\n<tr style=\"border-color: #000000;\">\n<td style=\"width: 16.6667%; background-color: #bdbdbd; height: 23px;\"><strong>&nbsp;<\/strong><\/td>\n<td style=\"width: 11.0214%; background-color: #bdbdbd; height: 23px;\">&nbsp;<\/td>\n<td style=\"width: 8.488%; background-color: #bdbdbd; height: 23px;\">TTi<\/td>\n<td style=\"width: 14.3886%; background-color: #bdbdbd; height: 23px;\">Faible \u00e9cart.<\/td>\n<td style=\"width: 12.6954%; background-color: #bdbdbd; height: 23px;\">4,5 mm<\/td>\n<td style=\"width: 45.6755%; background-color: #bdbdbd; height: 23px;\">en Europe de l&#8217;Ouest.<\/td>\n<\/tr>\n<tr style=\"background-color: #ffffff;\">\n<td style=\"width: 16.6667%; height: 23px; background-color: #ffffff;\"><strong>H0<\/strong><\/td>\n<td style=\"width: 11.0214%; height: 23px; background-color: #ffffff;\">1\/87<\/td>\n<td style=\"width: 8.488%; height: 23px; background-color: #ffffff;\">H0<\/td>\n<td style=\"width: 14.3886%; height: 23px; background-color: #ffffff;\">Normale<\/td>\n<td style=\"width: 12.6954%; height: 23px; background-color: #ffffff;\">16,5 mm<\/td>\n<td style=\"width: 45.6755%; height: 23px; background-color: #ffffff;\">De loin l&#8217;\u00e9chelle la plus r\u00e9pandue<\/td>\n<\/tr>\n<tr style=\"background-color: #ffffff;\">\n<td style=\"width: 16.6667%; height: 23px; background-color: #ffffff;\"><strong>&nbsp;<\/strong><\/td>\n<td style=\"width: 11.0214%; height: 23px; background-color: #ffffff;\">&nbsp;<\/td>\n<td style=\"width: 8.488%; height: 23px; background-color: #ffffff;\">H0m<\/td>\n<td style=\"width: 14.3886%; height: 23px; background-color: #ffffff;\">M\u00e9trique<\/td>\n<td style=\"width: 12.6954%; height: 23px; background-color: #ffffff;\">12 mm<\/td>\n<td style=\"width: 45.6755%; height: 23px; background-color: #ffffff;\">en Europe, sauf en Angleterre.&nbsp;<\/td>\n<\/tr>\n<tr style=\"background-color: #ffffff;\">\n<td style=\"width: 16.6667%; height: 23px; background-color: #ffffff;\"><strong>&nbsp;<\/strong><\/td>\n<td style=\"width: 11.0214%; height: 23px; background-color: #ffffff;\">&nbsp;<\/td>\n<td style=\"width: 8.488%; height: 23px; background-color: #ffffff;\">H0e<\/td>\n<td style=\"width: 14.3886%; height: 23px; background-color: #ffffff;\">Etroite<\/td>\n<td style=\"width: 12.6954%; height: 23px; background-color: #ffffff;\">9 mm<\/td>\n<td style=\"width: 45.6755%; height: 23px; background-color: #ffffff;\">Est \u00e9galement utilis\u00e9e en&nbsp;<\/td>\n<\/tr>\n<tr style=\"background-color: #ffffff;\">\n<td style=\"width: 16.6667%; height: 23px; background-color: #ffffff;\"><strong>&nbsp;<\/strong><\/td>\n<td style=\"width: 11.0214%; height: 23px; background-color: #ffffff;\">&nbsp;<\/td>\n<td style=\"width: 8.488%; height: 23px; background-color: #ffffff;\">H0f<\/td>\n<td style=\"width: 14.3886%; height: 23px; background-color: #ffffff;\">Faible \u00e9cart.<\/td>\n<td style=\"width: 12.6954%; height: 23px; background-color: #ffffff;\">6,5 mm<\/td>\n<td style=\"width: 45.6755%; height: 23px; background-color: #ffffff;\">Am\u00e9rique du Nord.<\/td>\n<\/tr>\n<tr style=\"height: 23px;\">\n<td style=\"width: 16.6667%; background-color: #bdbdbd; height: 23px;\"><strong>00<\/strong><\/td>\n<td style=\"width: 11.0214%; background-color: #bdbdbd; height: 23px;\">1\/76,2<\/td>\n<td style=\"width: 8.488%; background-color: #bdbdbd; height: 23px;\">EEM<\/td>\n<td style=\"width: 14.3886%; background-color: #bdbdbd; height: 23px;\">Normale<\/td>\n<td style=\"width: 12.6954%; background-color: #bdbdbd; height: 23px;\">18,8 mm<\/td>\n<td style=\"width: 45.6755%; background-color: #bdbdbd; height: 23px;\">Cette \u00e9chelle est utilis\u00e9e en&nbsp;<\/td>\n<\/tr>\n<tr style=\"height: 23px;\">\n<td style=\"width: 16.6667%; background-color: #bdbdbd; height: 23px;\"><strong>&nbsp;<\/strong><\/td>\n<td style=\"width: 11.0214%; background-color: #bdbdbd; height: 23px;\">&nbsp;<\/td>\n<td style=\"width: 8.488%; background-color: #bdbdbd; height: 23px;\">EM<\/td>\n<td style=\"width: 14.3886%; background-color: #bdbdbd; height: 23px;\">Normale<\/td>\n<td style=\"width: 12.6954%; background-color: #bdbdbd; height: 23px;\">18,2 mm<\/td>\n<td style=\"width: 45.6755%; background-color: #bdbdbd; height: 23px;\">Angleterre \u00e0 la place du H0.<\/td>\n<\/tr>\n<tr style=\"height: 23px;\">\n<td style=\"width: 16.6667%; background-color: #bdbdbd; height: 23px;\"><strong>&nbsp;<\/strong><\/td>\n<td style=\"width: 11.0214%; background-color: #bdbdbd; height: 23px;\">&nbsp;<\/td>\n<td style=\"width: 8.488%; background-color: #bdbdbd; height: 23px;\">00<\/td>\n<td style=\"width: 14.3886%; background-color: #bdbdbd; height: 23px;\">Normale<\/td>\n<td style=\"width: 12.6954%; background-color: #bdbdbd; height: 23px;\">16,2 mm<\/td>\n<td style=\"width: 45.6755%; background-color: #bdbdbd; height: 23px;\">&nbsp;<\/td>\n<\/tr>\n<tr style=\"height: 23px;\">\n<td style=\"width: 16.6667%; background-color: #bdbdbd; height: 23px;\"><strong>&nbsp;<\/strong><\/td>\n<td style=\"width: 11.0214%; background-color: #bdbdbd; height: 23px;\">&nbsp;<\/td>\n<td style=\"width: 8.488%; background-color: #bdbdbd; height: 23px;\">00-12<\/td>\n<td style=\"width: 14.3886%; background-color: #bdbdbd; height: 23px;\">Etroite<\/td>\n<td style=\"width: 12.6954%; background-color: #bdbdbd; height: 23px;\">12 mm<\/td>\n<td style=\"width: 45.6755%; background-color: #bdbdbd; height: 23px;\">&nbsp;<\/td>\n<\/tr>\n<tr style=\"height: 23px;\">\n<td style=\"width: 16.6667%; background-color: #bdbdbd; height: 23px;\"><strong>&nbsp;<\/strong><\/td>\n<td style=\"width: 11.0214%; background-color: #bdbdbd; height: 23px;\">&nbsp;<\/td>\n<td style=\"width: 8.488%; background-color: #bdbdbd; height: 23px;\">00-9<\/td>\n<td style=\"width: 14.3886%; background-color: #bdbdbd; height: 23px;\">Faible \u00e9cart.<\/td>\n<td style=\"width: 12.6954%; background-color: #bdbdbd; height: 23px;\">9 mm<\/td>\n<td style=\"width: 45.6755%; background-color: #bdbdbd; height: 23px;\">&nbsp;<\/td>\n<\/tr>\n<tr style=\"height: 23px;\">\n<td style=\"width: 16.6667%; height: 23px; background-color: #ffffff;\"><strong>S &#8220;Europe&#8221;<\/strong><\/td>\n<td style=\"width: 11.0214%; height: 23px; background-color: #ffffff;\">1\/64<\/td>\n<td style=\"width: 8.488%; height: 23px; background-color: #ffffff;\">S<\/td>\n<td style=\"width: 14.3886%; height: 23px; background-color: #ffffff;\">Normale<\/td>\n<td style=\"width: 12.6954%; height: 23px; background-color: #ffffff;\">22,5 mm<\/td>\n<td style=\"width: 45.6755%; height: 23px; background-color: #ffffff;\">Le &#8220;S&#8221; est l&#8217;\u00e9chelle la plus ancienne<\/td>\n<\/tr>\n<tr style=\"height: 23px;\">\n<td style=\"width: 16.6667%; height: 23px; background-color: #ffffff;\">(ancien)&nbsp;<em>ou<\/em><\/td>\n<td style=\"width: 11.0214%; height: 23px; background-color: #ffffff;\">&nbsp;<\/td>\n<td style=\"width: 8.488%; height: 23px; background-color: #ffffff;\">Sm<\/td>\n<td style=\"width: 14.3886%; height: 23px; background-color: #ffffff;\">M\u00e9trique<\/td>\n<td style=\"width: 12.6954%; height: 23px; background-color: #ffffff;\">16,5 mm<\/td>\n<td style=\"width: 45.6755%; height: 23px; background-color: #ffffff;\">du mod\u00e9lisme ferroviaire. Les<\/td>\n<\/tr>\n<tr style=\"height: 23px;\">\n<td style=\"width: 16.6667%; height: 23px; background-color: #ffffff;\"><strong>H1<\/strong><\/td>\n<td style=\"width: 11.0214%; height: 23px; background-color: #ffffff;\">&nbsp;<\/td>\n<td style=\"width: 8.488%; height: 23px; background-color: #ffffff;\">Se<\/td>\n<td style=\"width: 14.3886%; height: 23px; background-color: #ffffff;\">Etroite<\/td>\n<td style=\"width: 12.6954%; height: 23px; background-color: #ffffff;\">12 mm<\/td>\n<td style=\"width: 45.6755%; height: 23px; background-color: #ffffff;\">1\u00e8res traces remonte \u00e0 1896.<\/td>\n<\/tr>\n<tr style=\"height: 23px;\">\n<td style=\"width: 16.6667%; height: 23px; background-color: #ffffff;\">(actuel)<\/td>\n<td style=\"width: 11.0214%; height: 23px; background-color: #ffffff;\">&nbsp;<\/td>\n<td style=\"width: 8.488%; height: 23px; background-color: #ffffff;\">Si<\/td>\n<td style=\"width: 14.3886%; height: 23px; background-color: #ffffff;\">Faible \u00e9cart.<\/td>\n<td style=\"width: 12.6954%; height: 23px; background-color: #ffffff;\">9 mm<\/td>\n<td style=\"width: 45.6755%; height: 23px; background-color: #ffffff;\">&nbsp;<\/td>\n<\/tr>\n<tr style=\"height: 23px;\">\n<td style=\"width: 16.6667%; background-color: #bdbdbd; height: 23px;\"><strong>S<\/strong><\/td>\n<td style=\"width: 11.0214%; background-color: #bdbdbd; height: 23px;\">1\/64<\/td>\n<td style=\"width: 8.488%; background-color: #bdbdbd; height: 23px;\">S<\/td>\n<td style=\"width: 14.3886%; background-color: #bdbdbd; height: 23px;\">Normale<\/td>\n<td style=\"width: 12.6954%; background-color: #bdbdbd; height: 23px;\">22,4 mm<\/td>\n<td style=\"width: 45.6755%; background-color: #bdbdbd; height: 23px;\">Le &#8220;S&#8221; am\u00e9ricain est fr\u00e9quemment<\/td>\n<\/tr>\n<tr style=\"height: 23px;\">\n<td style=\"width: 16.6667%; background-color: #bdbdbd; height: 23px;\"><strong>&#8220;Am\u00e9rique&#8221;<\/strong><\/td>\n<td style=\"width: 11.0214%; background-color: #bdbdbd; height: 23px;\">&nbsp;<\/td>\n<td style=\"width: 8.488%; background-color: #bdbdbd; height: 23px;\">Sn3<\/td>\n<td style=\"width: 14.3886%; background-color: #bdbdbd; height: 23px;\">Etroite<\/td>\n<td style=\"width: 12.6954%; background-color: #bdbdbd; height: 23px;\">14,3 mm<\/td>\n<td style=\"width: 45.6755%; background-color: #bdbdbd; height: 23px;\">utilis\u00e9 outre-Atlantique. Se trouve&nbsp;<\/td>\n<\/tr>\n<tr style=\"height: 23px;\">\n<td style=\"width: 16.6667%; background-color: #bdbdbd; height: 23px;\">&nbsp;<\/td>\n<td style=\"width: 11.0214%; background-color: #bdbdbd; height: 23px;\">&nbsp;<\/td>\n<td style=\"width: 8.488%; background-color: #bdbdbd; height: 23px;\">Sn2,5<\/td>\n<td style=\"width: 14.3886%; background-color: #bdbdbd; height: 23px;\">Etroite<\/td>\n<td style=\"width: 12.6954%; background-color: #bdbdbd; height: 23px;\">12 mm<\/td>\n<td style=\"width: 45.6755%; background-color: #bdbdbd; height: 23px;\">plus rarement en Europe.<\/td>\n<\/tr>\n<tr style=\"height: 23px;\">\n<td style=\"width: 16.6667%; background-color: #bdbdbd; height: 23px;\">&nbsp;<\/td>\n<td style=\"width: 11.0214%; background-color: #bdbdbd; height: 23px;\">&nbsp;<\/td>\n<td style=\"width: 8.488%; background-color: #bdbdbd; height: 23px;\">Sn2<\/td>\n<td style=\"width: 14.3886%; background-color: #bdbdbd; height: 23px;\">Etroite<\/td>\n<td style=\"width: 12.6954%; background-color: #bdbdbd; height: 23px;\">9,6 mm<\/td>\n<td style=\"width: 45.6755%; background-color: #bdbdbd; height: 23px;\">&nbsp;<\/td>\n<\/tr>\n<tr style=\"height: 23px;\">\n<td style=\"width: 16.6667%; background-color: #ffffff; height: 23px;\"><strong>0<\/strong><\/td>\n<td style=\"width: 11.0214%; background-color: #ffffff; height: 23px;\">1\/48&nbsp;<em>ou<\/em><\/td>\n<td style=\"width: 8.488%; background-color: #ffffff; height: 23px;\">0<\/td>\n<td style=\"width: 14.3886%; background-color: #ffffff; height: 23px;\">Normale<\/td>\n<td style=\"width: 12.6954%; background-color: #ffffff; height: 23px;\">32 mm<\/td>\n<td style=\"width: 45.6755%; background-color: #ffffff; height: 23px;\">Echelle la plus courante jusqu&#8217;\u00e0 la<\/td>\n<\/tr>\n<tr style=\"height: 23px;\">\n<td style=\"width: 16.6667%; background-color: #ffffff; height: 23px;\">&nbsp;<\/td>\n<td style=\"width: 11.0214%; background-color: #ffffff; height: 23px;\">1\/45&nbsp;<em>ou<\/em><\/td>\n<td style=\"width: 8.488%; background-color: #ffffff; height: 23px;\">0m<\/td>\n<td style=\"width: 14.3886%; background-color: #ffffff; height: 23px;\">M\u00e9trique<\/td>\n<td style=\"width: 12.6954%; background-color: #ffffff; height: 23px;\">22,5 mm<\/td>\n<td style=\"width: 45.6755%; background-color: #ffffff; height: 23px;\">2\u00e8me guerre mondiale.<\/td>\n<\/tr>\n<tr style=\"height: 23px;\">\n<td style=\"width: 16.6667%; background-color: #ffffff; height: 23px;\">&nbsp;<\/td>\n<td style=\"width: 11.0214%; background-color: #ffffff; height: 23px;\">1\/43,5<\/td>\n<td style=\"width: 8.488%; background-color: #ffffff; height: 23px;\">0e<\/td>\n<td style=\"width: 14.3886%; background-color: #ffffff; height: 23px;\">Etroite<\/td>\n<td style=\"width: 12.6954%; background-color: #ffffff; height: 23px;\">16,5 mm<\/td>\n<td style=\"width: 45.6755%; background-color: #ffffff; height: 23px;\">Est encore tr\u00e8s r\u00e9pandue en&nbsp;<\/td>\n<\/tr>\n<tr style=\"height: 23px;\">\n<td style=\"width: 16.6667%; background-color: #ffffff; height: 23px;\">&nbsp;<\/td>\n<td style=\"width: 11.0214%; background-color: #ffffff; height: 23px;\">&nbsp;<\/td>\n<td style=\"width: 8.488%; background-color: #ffffff; height: 23px;\">0i<\/td>\n<td style=\"width: 14.3886%; background-color: #ffffff; height: 23px;\">Faible \u00e9cart.<\/td>\n<td style=\"width: 12.6954%; background-color: #ffffff; height: 23px;\">12 mm<\/td>\n<td style=\"width: 45.6755%; background-color: #ffffff; height: 23px;\">Am\u00e9rique du Nord.<\/td>\n<\/tr>\n<tr style=\"height: 23px;\">\n<td style=\"width: 16.6667%; background-color: #bdbdbd; height: 23px;\">I<em> ou&nbsp;<\/em><strong>1<\/strong><\/td>\n<td style=\"width: 11.0214%; background-color: #bdbdbd; height: 23px;\">1\/32<\/td>\n<td style=\"width: 8.488%; background-color: #bdbdbd; height: 23px;\">I<\/td>\n<td style=\"width: 14.3886%; background-color: #bdbdbd; height: 23px;\">Normale<\/td>\n<td style=\"width: 12.6954%; background-color: #bdbdbd; height: 23px;\">45 mm<\/td>\n<td style=\"width: 45.6755%; background-color: #bdbdbd; height: 23px;\">Permet la circulation en vapeur vive.<\/td>\n<\/tr>\n<tr style=\"height: 23px;\">\n<td style=\"width: 16.6667%; background-color: #bdbdbd; height: 23px;\">&nbsp;<\/td>\n<td style=\"width: 11.0214%; background-color: #bdbdbd; height: 23px;\">&nbsp;<\/td>\n<td style=\"width: 8.488%; background-color: #bdbdbd; height: 23px;\">Im<\/td>\n<td style=\"width: 14.3886%; background-color: #bdbdbd; height: 23px;\">M\u00e9trique<\/td>\n<td style=\"width: 12.6954%; background-color: #bdbdbd; height: 23px;\">32 mm<\/td>\n<td style=\"width: 45.6755%; background-color: #bdbdbd; height: 23px;\">Est la plus grande \u00e9chelle fabriqu\u00e9e<\/td>\n<\/tr>\n<tr style=\"height: 23px;\">\n<td style=\"width: 16.6667%; background-color: #bdbdbd; height: 23px;\">&nbsp;<\/td>\n<td style=\"width: 11.0214%; background-color: #bdbdbd; height: 23px;\">&nbsp;<\/td>\n<td style=\"width: 8.488%; background-color: #bdbdbd; height: 23px;\">Ie<\/td>\n<td style=\"width: 14.3886%; background-color: #bdbdbd; height: 23px;\">Etroite<\/td>\n<td style=\"width: 12.6954%; background-color: #bdbdbd; height: 23px;\">22,5 mm<\/td>\n<td style=\"width: 45.6755%; background-color: #bdbdbd; height: 23px;\">industriellement reproduisant&nbsp;<\/td>\n<\/tr>\n<tr style=\"height: 23px;\">\n<td style=\"width: 16.6667%; background-color: #bdbdbd; height: 23px;\">&nbsp;<\/td>\n<td style=\"width: 11.0214%; background-color: #bdbdbd; height: 23px;\">&nbsp;<\/td>\n<td style=\"width: 8.488%; background-color: #bdbdbd; height: 23px;\">Ii<\/td>\n<td style=\"width: 14.3886%; background-color: #bdbdbd; height: 23px;\">Faible \u00e9cart.<\/td>\n<td style=\"width: 12.6954%; background-color: #bdbdbd; height: 23px;\">16,5 mm<\/td>\n<td style=\"width: 45.6755%; background-color: #bdbdbd; height: 23px;\">la voie normale.<\/td>\n<\/tr>\n<tr style=\"height: 23px;\">\n<td style=\"width: 16.6667%; background-color: #ffffff; height: 23px;\"><strong>II&nbsp;<\/strong><em>ou&nbsp;<\/em><strong>2<\/strong><\/td>\n<td style=\"width: 11.0214%; background-color: #ffffff; height: 23px;\">1\/22,5<\/td>\n<td style=\"width: 8.488%; background-color: #ffffff; height: 23px;\">II<\/td>\n<td style=\"width: 14.3886%; background-color: #ffffff; height: 23px;\">Normale<\/td>\n<td style=\"width: 12.6954%; background-color: #ffffff; height: 23px;\">64 mm<\/td>\n<td style=\"width: 45.6755%; background-color: #ffffff; height: 23px;\">Le &#8220;IIm&#8221; est le plus r\u00e9pandu en<\/td>\n<\/tr>\n<tr style=\"height: 23px;\">\n<td style=\"width: 16.6667%; background-color: #ffffff; height: 23px;\">&nbsp;<\/td>\n<td style=\"width: 11.0214%; background-color: #ffffff; height: 23px;\">&nbsp;<\/td>\n<td style=\"width: 8.488%; background-color: #ffffff; height: 23px;\">IIm<\/td>\n<td style=\"width: 14.3886%; background-color: #ffffff; height: 23px;\">M\u00e9trique<\/td>\n<td style=\"width: 12.6954%; background-color: #ffffff; height: 23px;\">45 mm<\/td>\n<td style=\"width: 45.6755%; background-color: #ffffff; height: 23px;\">tant que &#8220;train de jardin&#8221;. L&#8217;\u00e9chelle<\/td>\n<\/tr>\n<tr style=\"height: 23px;\">\n<td style=\"width: 16.6667%; background-color: #ffffff; height: 23px;\">&nbsp;<\/td>\n<td style=\"width: 11.0214%; background-color: #ffffff; height: 23px;\">&nbsp;<\/td>\n<td style=\"width: 8.488%; background-color: #ffffff; height: 23px;\">IIe<\/td>\n<td style=\"width: 14.3886%; background-color: #ffffff; height: 23px;\">Etroite<\/td>\n<td style=\"width: 12.6954%; background-color: #ffffff; height: 23px;\">32 mm<\/td>\n<td style=\"width: 45.6755%; background-color: #ffffff; height: 23px;\">&#8220;G&#8221; correspond \u00e9galement \u00e0&nbsp;<\/td>\n<\/tr>\n<tr style=\"height: 23px;\">\n<td style=\"width: 16.6667%; background-color: #ffffff; height: 23px;\">&nbsp;<\/td>\n<td style=\"width: 11.0214%; background-color: #ffffff; height: 23px;\">&nbsp;<\/td>\n<td style=\"width: 8.488%; background-color: #ffffff; height: 23px;\">IIi<\/td>\n<td style=\"width: 14.3886%; background-color: #ffffff; height: 23px;\">Faible \u00e9cart.<\/td>\n<td style=\"width: 12.6954%; background-color: #ffffff; height: 23px;\">22,5 mm<\/td>\n<td style=\"width: 45.6755%; background-color: #ffffff; height: 23px;\">l&#8217;\u00e9cartement de 45 mm.<\/td>\n<\/tr>\n<\/tbody>\n<\/table>\n<p>&nbsp;<\/p>\n","protected":false},"excerpt":{"rendered":"<p>Echelles du mod\u00e9lisme ferroviaire Le mod\u00e9lisme ferroviaire est reproduit \u00e0 plusieurs \u00e9chelles, tant pour les&nbsp; v\u00e9hicules que pour les d\u00e9cors. Les diff\u00e9rents \u00e9cartements (normal, m\u00e9trique, etc.) que nous trouvons en r\u00e9el sont \u00e9galement retranscrits dans le monde miniature au sein des \u00e9chelles. En voici la liste non exhaustive. Dimension Echelle [&hellip;]<\/p>\n","protected":false},"author":1,"featured_media":0,"parent":0,"menu_order":0,"comment_status":"closed","ping_status":"closed","template":"","meta":{"ngg_post_thumbnail":0,"footnotes":""},"class_list":["post-2642","page","type-page","status-publish","hentry"],"_links":{"self":[{"href":"https:\/\/www.rcyb.ch\/new\/wp-json\/wp\/v2\/pages\/2642","targetHints":{"allow":["GET"]}}],"collection":[{"href":"https:\/\/www.rcyb.ch\/new\/wp-json\/wp\/v2\/pages"}],"about":[{"href":"https:\/\/www.rcyb.ch\/new\/wp-json\/wp\/v2\/types\/page"}],"author":[{"embeddable":true,"href":"https:\/\/www.rcyb.ch\/new\/wp-json\/wp\/v2\/users\/1"}],"replies":[{"embeddable":true,"href":"https:\/\/www.rcyb.ch\/new\/wp-json\/wp\/v2\/comments?post=2642"}],"version-history":[{"count":14,"href":"https:\/\/www.rcyb.ch\/new\/wp-json\/wp\/v2\/pages\/2642\/revisions"}],"predecessor-version":[{"id":2684,"href":"https:\/\/www.rcyb.ch\/new\/wp-json\/wp\/v2\/pages\/2642\/revisions\/2684"}],"wp:attachment":[{"href":"https:\/\/www.rcyb.ch\/new\/wp-json\/wp\/v2\/media?parent=2642"}],"curies":[{"name":"wp","href":"https:\/\/api.w.org\/{rel}","templated":true}]}}