{"id":2006,"date":"2018-12-09T19:56:39","date_gmt":"2018-12-09T18:56:39","guid":{"rendered":"http:\/\/www.rcyb.ch\/?page_id=2006"},"modified":"2024-02-04T14:48:15","modified_gmt":"2024-02-04T13:48:15","slug":"le-2eme-local","status":"publish","type":"page","link":"https:\/\/www.rcyb.ch\/new\/le-2eme-local\/","title":{"rendered":"Le 2\u00e8me local"},"content":{"rendered":"<p style=\"text-align: justify;\"><strong><span style=\"font-family: arial, helvetica, sans-serif; font-size: 18pt;\">Le 2\u00e8me local<\/span><\/strong><\/p>\n<p style=\"text-align: justify;\"><span style=\"font-family: arial, helvetica, sans-serif;\">Le RCYB devenant \u00e0 l&#8217;\u00e9troit entre ses murs et dans le but de penser aux ann\u00e9es futures, en voulant r\u00e9aliser un r\u00e9seau en digital, le comit\u00e9 d\u00e9cida en 2016 de trouver un espace suppl\u00e9mentaire. Apprenant qu&#8217;un local, voisin de l&#8217;originel, \u00e9tait inoccup\u00e9, les tractations furent entreprises envers les diff\u00e9rents responsables. Apr\u00e8s plusieurs p\u00e9rip\u00e9ties, nous l&#8217;avons donc obtenu fin 2016.<\/span><\/p>\n<p style=\"text-align: justify;\"><span style=\"font-family: arial, helvetica, sans-serif;\">N\u00e9cessitant un nettoyage approfondi, un s\u00e9rieux coup de peinture et diff\u00e9rents travaux d&#8217;am\u00e9nagements, cela nous occupa une grande partie de 2017. Et, c&#8217;est avec un grand plaisir, que nous avons proc\u00e9d\u00e9 \u00e0 son ouverture en 2018. Tout d&#8217;abord par une inauguration priv\u00e9e, profitant de l&#8217;Assembl\u00e9e G\u00e9n\u00e9rale romande des Pr\u00e9sidents de l&#8217;Eisenbahn Amateur, alors organis\u00e9e par le RCYB, puis publiquement lors de portes ouvertes des 17 &amp; 18 novembre 2018.<\/span><\/p>\n<p style=\"text-align: justify;\"><span style=\"font-family: arial, helvetica, sans-serif;\">Cette surface suppl\u00e9mentaire nous permit d&#8217;y installer le bar, l&#8217;espace &#8220;membres-visiteurs&#8221;. Espace cr\u00e9\u00e9 avec du mat\u00e9riel provenant de l&#8217;ancienne automotrice ABe 4\/4 4 de l&#8217;YSteC et de la voiture B26. Toutes deux d\u00e9molies depuis longtemps. Un r\u00e9seau en 0 &#8220;Tinplate&#8221; y a \u00e9galement trouv\u00e9 une place.<\/span><\/p>\n<p style=\"text-align: justify;\"><strong><span style=\"font-family: arial, helvetica, sans-serif; font-size: 18pt;\">Quel projet pour le futur ?<\/span><\/strong><\/p>\n<p style=\"text-align: justify;\"><span style=\"font-family: arial, helvetica, sans-serif;\">Une maquette digitale H0 ACC &amp; H0m est actuellement en cours de montage dans ce m\u00eame local. De conception en &#8220;L&#8221; elle occupe une longueur totale d&#8217;un mur et les 2\/3 sur une des largeurs. Son exploitation a pu \u00eatre d\u00e9marr\u00e9e lors des festivit\u00e9s du 60\u00e8me anniversaire en 2022. Depuis lors, les diff\u00e9rentes sections du r\u00e9seau alternatif sont en train d&#8217;\u00eatre construites et, prochainement, le montage du r\u00e9seau H0m devrait pouvoir d\u00e9buter.<\/span><\/p>\n","protected":false},"excerpt":{"rendered":"<p>Le 2\u00e8me local Le RCYB devenant \u00e0 l&#8217;\u00e9troit entre ses murs et dans le but de penser aux ann\u00e9es futures, en voulant r\u00e9aliser un r\u00e9seau en digital, le comit\u00e9 d\u00e9cida en 2016 de trouver un espace suppl\u00e9mentaire. Apprenant qu&#8217;un local, voisin de l&#8217;originel, \u00e9tait inoccup\u00e9, les tractations furent entreprises envers [&hellip;]<\/p>\n","protected":false},"author":2,"featured_media":0,"parent":0,"menu_order":0,"comment_status":"closed","ping_status":"closed","template":"","meta":{"ngg_post_thumbnail":0,"footnotes":""},"class_list":["post-2006","page","type-page","status-publish","hentry"],"_links":{"self":[{"href":"https:\/\/www.rcyb.ch\/new\/wp-json\/wp\/v2\/pages\/2006","targetHints":{"allow":["GET"]}}],"collection":[{"href":"https:\/\/www.rcyb.ch\/new\/wp-json\/wp\/v2\/pages"}],"about":[{"href":"https:\/\/www.rcyb.ch\/new\/wp-json\/wp\/v2\/types\/page"}],"author":[{"embeddable":true,"href":"https:\/\/www.rcyb.ch\/new\/wp-json\/wp\/v2\/users\/2"}],"replies":[{"embeddable":true,"href":"https:\/\/www.rcyb.ch\/new\/wp-json\/wp\/v2\/comments?post=2006"}],"version-history":[{"count":5,"href":"https:\/\/www.rcyb.ch\/new\/wp-json\/wp\/v2\/pages\/2006\/revisions"}],"predecessor-version":[{"id":4494,"href":"https:\/\/www.rcyb.ch\/new\/wp-json\/wp\/v2\/pages\/2006\/revisions\/4494"}],"wp:attachment":[{"href":"https:\/\/www.rcyb.ch\/new\/wp-json\/wp\/v2\/media?parent=2006"}],"curies":[{"name":"wp","href":"https:\/\/api.w.org\/{rel}","templated":true}]}}