{"id":19,"date":"2017-10-16T19:24:24","date_gmt":"2017-10-16T19:24:24","guid":{"rendered":"http:\/\/www.rcyb.ch\/?page_id=19"},"modified":"2022-06-05T12:23:40","modified_gmt":"2022-06-05T10:23:40","slug":"club-ferro","status":"publish","type":"page","link":"https:\/\/www.rcyb.ch\/new\/club-ferro\/","title":{"rendered":"Club ferro"},"content":{"rendered":"<p><span style=\"font-family: arial,helvetica,sans-serif; font-size: 18pt;\">Clubs ferroviaires en Suisse<\/span><\/p>\n<ul>\n<li><a href=\"http:\/\/www.lerail.ch\" target=\"_blank\" rel=\"noopener noreferrer\"><span style=\"font-family: arial,helvetica,sans-serif; font-size: 12pt;\">Club Le Rail Lausanne<\/span><\/a><\/li>\n<li><a href=\"http:\/\/www.cr2m.ch\" target=\"_blank\" rel=\"noopener noreferrer\"><span style=\"font-family: arial,helvetica,sans-serif; font-size: 12pt;\">CRIIm Club Romand de Chemin de Fer miniature IIm<\/span><\/a><\/li>\n<li><a href=\"https:\/\/www.garm.ch\/\" target=\"_blank\" rel=\"noopener\">GARM Groupe Amis R\u00e9seau Modulaire<\/a> &nbsp;<\/li>\n<li><a href=\"http:\/\/www.gruyere-rail-club.ch\" target=\"_blank\" rel=\"noopener noreferrer\"><span style=\"font-family: arial,helvetica,sans-serif; font-size: 12pt;\">GRC Gruy\u00e8re Rail Club<\/span><\/a><\/li>\n<li><a href=\"http:\/\/www.rclc.ch\" target=\"_blank\" rel=\"noopener noreferrer\"><span style=\"font-family: arial,helvetica,sans-serif; font-size: 12pt;\">RCLC Rail Club La C\u00f4te<\/span><\/a><\/li>\n<li><a href=\"http:\/\/www.railcluberguel.ch\/\" target=\"_blank\" rel=\"noopener\">RCE Rail Club Ergu\u00ebl<\/a><\/li>\n<li><a href=\"http:\/\/www.morges-trains.ch\" target=\"_blank\" rel=\"noopener noreferrer\"><span style=\"font-family: arial,helvetica,sans-serif; font-size: 12pt;\">CATHO Club des Amis du Trains H0 Morges<\/span><\/a><\/li>\n<li><a href=\"http:\/\/www.rcpp.ch\" target=\"_blank\" rel=\"noopener noreferrer\"><span style=\"font-family: arial,helvetica,sans-serif; font-size: 12pt;\">RCPP Rail Club Pierre-Pertuis<\/span><\/a><\/li>\n<li><a href=\"http:\/\/www.railclub.ch\" target=\"_blank\" rel=\"noopener noreferrer\"><span style=\"font-family: arial,helvetica,sans-serif; font-size: 12pt;\">RCR Rail Club Riviera<\/span><\/a><\/li>\n<li><a href=\"https:\/\/www.railclubtonkin.ch\/\" target=\"_blank\" rel=\"noopener noreferrer\"><span style=\"font-family: arial,helvetica,sans-serif; font-size: 12pt;\">RCT Rail Club Tonkin Monthey<\/span><\/a><\/li>\n<li><a href=\"http:\/\/www.emcb-ccmb.ch\/index.html\" target=\"_blank\" rel=\"noopener noreferrer\"><span style=\"font-family: arial,helvetica,sans-serif; font-size: 12pt;\">CCMB Club des Chemins de fer miniatures de Bienne<\/span><\/a><\/li>\n<li><a href=\"http:\/\/www.bmc-brugg.ch\" target=\"_blank\" rel=\"noopener noreferrer\"><span style=\"font-family: arial,helvetica,sans-serif; font-size: 12pt;\">BMC Brugger-Modelleisenbahn-Club<\/span><\/a><\/li>\n<\/ul>\n","protected":false},"excerpt":{"rendered":"<p>Clubs ferroviaires en Suisse Club Le Rail Lausanne CRIIm Club Romand de Chemin de Fer miniature IIm GARM Groupe Amis R\u00e9seau Modulaire &nbsp; GRC Gruy\u00e8re Rail Club RCLC Rail Club La C\u00f4te RCE Rail Club Ergu\u00ebl CATHO Club des Amis du Trains H0 Morges RCPP Rail Club Pierre-Pertuis RCR Rail [&hellip;]<\/p>\n","protected":false},"author":1,"featured_media":0,"parent":0,"menu_order":0,"comment_status":"closed","ping_status":"closed","template":"","meta":{"ngg_post_thumbnail":0,"footnotes":""},"class_list":["post-19","page","type-page","status-publish","hentry"],"_links":{"self":[{"href":"https:\/\/www.rcyb.ch\/new\/wp-json\/wp\/v2\/pages\/19","targetHints":{"allow":["GET"]}}],"collection":[{"href":"https:\/\/www.rcyb.ch\/new\/wp-json\/wp\/v2\/pages"}],"about":[{"href":"https:\/\/www.rcyb.ch\/new\/wp-json\/wp\/v2\/types\/page"}],"author":[{"embeddable":true,"href":"https:\/\/www.rcyb.ch\/new\/wp-json\/wp\/v2\/users\/1"}],"replies":[{"embeddable":true,"href":"https:\/\/www.rcyb.ch\/new\/wp-json\/wp\/v2\/comments?post=19"}],"version-history":[{"count":11,"href":"https:\/\/www.rcyb.ch\/new\/wp-json\/wp\/v2\/pages\/19\/revisions"}],"predecessor-version":[{"id":4047,"href":"https:\/\/www.rcyb.ch\/new\/wp-json\/wp\/v2\/pages\/19\/revisions\/4047"}],"wp:attachment":[{"href":"https:\/\/www.rcyb.ch\/new\/wp-json\/wp\/v2\/media?parent=19"}],"curies":[{"name":"wp","href":"https:\/\/api.w.org\/{rel}","templated":true}]}}