{"id":17,"date":"2017-10-16T19:24:06","date_gmt":"2017-10-16T19:24:06","guid":{"rendered":"http:\/\/www.rcyb.ch\/?page_id=17"},"modified":"2024-03-24T10:16:17","modified_gmt":"2024-03-24T09:16:17","slug":"chemin-de-fer","status":"publish","type":"page","link":"https:\/\/www.rcyb.ch\/new\/chemin-de-fer\/","title":{"rendered":"Chemin de fer"},"content":{"rendered":"<p><span style=\"font-family: arial,helvetica,sans-serif; font-size: 18pt;\">Divers sites sur le chemin de fer r\u00e9el et en mod\u00e9lisme<br \/>\n<\/span><\/p>\n<ul>\n<li><span style=\"font-size: 14pt;\"><a href=\"https:\/\/associationcrocodile21.wordpress.com\/\" target=\"_blank\" rel=\"noopener\"><span style=\"font-size: 12pt;\">Association Crocodile 21<\/span><\/a><\/span><\/li>\n<li><span style=\"font-family: arial, helvetica, sans-serif; font-size: 12pt;\"><a href=\"http:\/\/users.skynet.be\/sky34004\/bourse.html\" target=\"_blank\" rel=\"noopener noreferrer\">Agenda des bourses et manifestations (B, CH, D, F, NL)<\/a><\/span><\/li>\n<li><span style=\"font-family: arial, helvetica, sans-serif; font-size: 12pt;\"><a href=\"https:\/\/www.aiguillages.eu\/\" target=\"_blank\" rel=\"noopener noreferrer\">Aiguillages, reportages vid\u00e9os de chemin de fer r\u00e9el et mod\u00e9lisme<\/a><\/span><\/li>\n<li><span style=\"font-family: arial, helvetica, sans-serif; font-size: 12pt;\"><a href=\"https:\/\/buckower-kleinbahn.de\/\" target=\"_blank\" rel=\"noopener\">Buckower Kleinbahn, Buckow (D). BDe 4\/4 de l&#8217;OC en circulation<\/a>&nbsp; &nbsp;<\/span><\/li>\n<li><span style=\"font-family: arial, helvetica, sans-serif; font-size: 12pt;\"><a href=\"http:\/\/blonay-chamby.ch\/fr\/home\/\" target=\"_blank\" rel=\"noopener noreferrer\">Chemin de fer-mus\u00e9e Blonay-Chamby<\/a><\/span><\/li>\n<li><span style=\"font-family: arial, helvetica, sans-serif; font-size: 12pt;\"><a href=\"http:\/\/www.kaeserberg.ch\/fr-ch\/accueil.aspx\" target=\"_blank\" rel=\"noopener noreferrer\">Chemin de Fer du Kaeserberg, Granges-Paccot<\/a><\/span><\/li>\n<li><span style=\"font-family: arial, helvetica, sans-serif; font-size: 12pt;\"><a href=\"https:\/\/www.citedutrain.com\/\" target=\"_blank\" rel=\"noopener noreferrer\">Cit\u00e9 du train &#8211; Patrimoine SNCF, Mulhouse (F)<\/a> <span style=\"color: #ff0000;\"><strong>N<\/strong><\/span><span style=\"color: #ff0000;\"><strong>ew<\/strong><\/span><\/span><\/li>\n<li><span style=\"font-family: arial, helvetica, sans-serif; font-size: 12pt;\"><a href=\"http:\/\/www.eisenbahn-amateur.ch\" target=\"_blank\" rel=\"noopener noreferrer\">Eisenbahn Amateur<\/a><\/span><\/li>\n<li><span style=\"font-family: arial, helvetica, sans-serif; font-size: 12pt;\"><a href=\"https:\/\/www.eisenbahnmuseum-schwarzwald.de\/\" target=\"_blank\" rel=\"noopener\">Eisenbahnmuseum Schwarzwald, Schramberg (D)<\/a>&nbsp; &nbsp;<\/span><\/li>\n<li><span style=\"font-family: arial, helvetica, sans-serif; font-size: 12pt;\"><a href=\"https:\/\/www.galleriabaumgartner.ch\/index.php\/fr\/\" target=\"_blank\" rel=\"noopener\">Galleria Baumgartner, Mendrisio<\/a>&nbsp; &nbsp;<\/span><\/li>\n<li><span style=\"font-family: arial, helvetica, sans-serif; font-size: 12pt;\"><a href=\"https:\/\/www.hsb-wr.de\/\" target=\"_blank\" rel=\"noopener\">Harzer Schmalspurbahnen, Wernigerode (D)<\/a> &nbsp;<\/span><\/li>\n<li><span style=\"font-size: 12pt;\"><a href=\"https:\/\/www.irm.org\/\" target=\"_blank\" rel=\"noopener\"><span style=\"font-family: arial, helvetica, sans-serif;\">Illinois Railway Museum (USA)<\/span><\/a><span style=\"font-family: arial, helvetica, sans-serif;\">&nbsp; &nbsp;<\/span><\/span><\/li>\n<li><span style=\"font-family: arial, helvetica, sans-serif; font-size: 12pt;\"><a href=\"https:\/\/www.combinateur.ch\/\" target=\"_blank\" rel=\"noopener noreferrer\">Le Combinateur, mus\u00e9e ferroviaire priv\u00e9 \u00e0 Bi\u00e8re<\/a><\/span><\/li>\n<li><span style=\"font-family: arial, helvetica, sans-serif; font-size: 12pt;\"><a href=\"https:\/\/www.jardin-ferroviaire.com\/\" target=\"_blank\" rel=\"noopener\">Le Jardin Ferroviaire, Chatte (F)<\/a>&nbsp; &nbsp;<\/span><\/li>\n<li><span style=\"font-family: arial, helvetica, sans-serif; font-size: 12pt;\"><a href=\"http:\/\/www.jardin-des-trains.com\/\" target=\"_blank\" rel=\"noopener\">Le Jardin des Trains Ard\u00e9chois, Soyons (F)<\/a>&nbsp; &nbsp;<\/span><\/li>\n<li><span style=\"font-family: arial, helvetica, sans-serif; font-size: 12pt;\"><a href=\"http:\/\/www.miniatur-wunderland.de\" target=\"_blank\" rel=\"noopener noreferrer\">Miniatur Wunderland Hamburg (D)<\/a><\/span><\/li>\n<li><span style=\"font-family: arial, helvetica, sans-serif; font-size: 12pt;\"><a href=\"http:\/\/www.mntpully.ch\/\" target=\"_blank\" rel=\"noopener\">MiNi-Train Pully<\/a>&nbsp; &nbsp;<\/span><\/li>\n<li><span style=\"font-family: arial, helvetica, sans-serif; font-size: 12pt;\"><a href=\"https:\/\/www.modelisme714.ch\/\" target=\"_blank\" rel=\"noopener\">Mod\u00e9lisme 7&#8242; 1\/4. Construction d&#8217;une ABe 2\/4 YSTeC pour le MNT Pully.&nbsp;<\/a>&nbsp;&nbsp;<\/span><\/li>\n<li><span style=\"font-family: arial, helvetica, sans-serif; font-size: 12pt;\"><a href=\"https:\/\/miniworldlyon.com\/\" target=\"_blank\" rel=\"noopener noreferrer\">Mini World Lyon (F)<\/a><\/span><\/li>\n<li><span style=\"font-family: arial, helvetica, sans-serif; font-size: 12pt;\"><a href=\"https:\/\/www.mehev.de\/de\/index.html\" target=\"_blank\" rel=\"noopener\">Modelleisenbahn Hamburg (D), r\u00e9seau en 1<\/a>&nbsp; &nbsp;<\/span><\/li>\n<li><span style=\"font-family: arial, helvetica, sans-serif; font-size: 12pt;\"><a href=\"https:\/\/www.museoferroviariodellapuglia.it\/\" target=\"_blank\" rel=\"noopener\">Mus\u00e9e ferroviaire des Pouilles, Lecce (I)<\/a>&nbsp; &nbsp;<\/span><\/li>\n<li><span style=\"font-family: arial, helvetica, sans-serif; font-size: 12pt;\"><a href=\"https:\/\/www.morop.org\/index.php\/fr\/\" target=\"_blank\" rel=\"noopener noreferrer\">Normes MOROP<\/a><\/span><\/li>\n<li><span style=\"font-family: arial, helvetica, sans-serif; font-size: 12pt;\"><a href=\"http:\/\/railnet.ch\/\" target=\"_blank\" rel=\"noopener noreferrer\">Railnet, site personnel de Jean-Eric Seewer<\/a><br \/>\n<\/span><\/li>\n<li><span style=\"font-family: arial, helvetica, sans-serif; font-size: 12pt;\"><a href=\"https:\/\/ramcas.e-monsite.com\/\" target=\"_blank\" rel=\"noopener noreferrer\">Rail Miniature Club Alsace Sud, Mulhouse (F)<\/a>&nbsp;<strong><span style=\"color: #ff0000;\">New<\/span><\/strong><\/span><\/li>\n<li><span style=\"font-family: arial, helvetica, sans-serif; font-size: 12pt;\"><a href=\"https:\/\/sauschwaenzlebahn.de\/\" target=\"_blank\" rel=\"noopener\">Sauschw\u00e4nzlebahn, Blumberg (D)<\/a>&nbsp; &nbsp;<\/span><\/li>\n<li><span style=\"font-family: arial, helvetica, sans-serif; font-size: 12pt;\"><a href=\"https:\/\/smilestones.ch\/home-en.html\" target=\"_blank\" rel=\"noopener noreferrer\">Smilestones Miniaturwelt Neuhausen<\/a><br \/>\n<\/span><\/li>\n<li><span style=\"font-family: arial, helvetica, sans-serif; font-size: 12pt;\"><a href=\"http:\/\/www.schwebebahn.de\" target=\"_blank\" rel=\"noopener noreferrer\">Schwebebahn Wuppertal (D)<\/a><\/span><\/li>\n<li><span style=\"font-family: arial, helvetica, sans-serif; font-size: 12pt;\"><a href=\"http:\/\/www.swisstrains-stp.ch\" target=\"_blank\" rel=\"noopener noreferrer\">Swiss Train promotion<\/a><\/span><\/li>\n<li><span style=\"font-family: arial, helvetica, sans-serif; font-size: 12pt;\"><a href=\"https:\/\/www.swissvapeur.ch\/\" target=\"_blank\" rel=\"noopener\">Swiss Vapeur Parc<\/a><\/span><\/li>\n<li><span style=\"font-family: arial, helvetica, sans-serif; font-size: 12pt;\"><a href=\"http:\/\/www.locomotives-historiques-lausanne.ch\" target=\"_blank\" rel=\"noopener noreferrer\">Team des Locomotives Historiques CFF de Lausanne<\/a><\/span><\/li>\n<li><span style=\"font-family: arial, helvetica, sans-serif; font-size: 12pt;\"><a href=\"http:\/\/www.train-miniature.ch\" target=\"_blank\" rel=\"noopener noreferrer\">Train-miniature<\/a><\/span><span style=\"font-family: arial,helvetica,sans-serif; font-size: 12pt;\"><br \/>\n<\/span><\/li>\n<\/ul>\n","protected":false},"excerpt":{"rendered":"<p>Divers sites sur le chemin de fer r\u00e9el et en mod\u00e9lisme Association Crocodile 21 Agenda des bourses et manifestations (B, CH, D, F, NL) Aiguillages, reportages vid\u00e9os de chemin de fer r\u00e9el et mod\u00e9lisme Buckower Kleinbahn, Buckow (D). BDe 4\/4 de l&#8217;OC en circulation&nbsp; &nbsp; Chemin de fer-mus\u00e9e Blonay-Chamby Chemin [&hellip;]<\/p>\n","protected":false},"author":1,"featured_media":0,"parent":0,"menu_order":0,"comment_status":"closed","ping_status":"closed","template":"","meta":{"ngg_post_thumbnail":0,"footnotes":""},"class_list":["post-17","page","type-page","status-publish","hentry"],"_links":{"self":[{"href":"https:\/\/www.rcyb.ch\/new\/wp-json\/wp\/v2\/pages\/17","targetHints":{"allow":["GET"]}}],"collection":[{"href":"https:\/\/www.rcyb.ch\/new\/wp-json\/wp\/v2\/pages"}],"about":[{"href":"https:\/\/www.rcyb.ch\/new\/wp-json\/wp\/v2\/types\/page"}],"author":[{"embeddable":true,"href":"https:\/\/www.rcyb.ch\/new\/wp-json\/wp\/v2\/users\/1"}],"replies":[{"embeddable":true,"href":"https:\/\/www.rcyb.ch\/new\/wp-json\/wp\/v2\/comments?post=17"}],"version-history":[{"count":40,"href":"https:\/\/www.rcyb.ch\/new\/wp-json\/wp\/v2\/pages\/17\/revisions"}],"predecessor-version":[{"id":4557,"href":"https:\/\/www.rcyb.ch\/new\/wp-json\/wp\/v2\/pages\/17\/revisions\/4557"}],"wp:attachment":[{"href":"https:\/\/www.rcyb.ch\/new\/wp-json\/wp\/v2\/media?parent=17"}],"curies":[{"name":"wp","href":"https:\/\/api.w.org\/{rel}","templated":true}]}}